{"id":691,"date":"2025-12-16T18:50:01","date_gmt":"2025-12-16T16:50:01","guid":{"rendered":"https:\/\/kurkis.eu\/product\/dovanu-kuponas-premium-magsafe-deklas-su-jusu-nuotrauka\/"},"modified":"2026-03-04T12:42:56","modified_gmt":"2026-03-04T10:42:56","slug":"dovanu-kuponas-premium-magsafe-deklas-su-jusu-nuotrauka","status":"publish","type":"product","link":"https:\/\/kurkis.eu\/lt\/produktas\/dovanu-kuponas-premium-magsafe-deklas-su-jusu-nuotrauka\/","title":{"rendered":"Dovan\u0173 kuponas \u2013 Unikalus Premium telefono d\u0117klas ir apsauga"},"content":{"rendered":"<p data-path-to-node=\"6\">Ie\u0161kote modernios ir prakti\u0161kos dovanos? Padovanokite k\u016brybi\u0161kum\u0105 ir auk\u0161\u010diausi\u0105 apsaug\u0105! Su \u201eKURKIS by You\u201c dovan\u0173 kuponu gav\u0117jas patirs unikal\u0173 d\u017eiaugsm\u0105 susikurdamas savo vienetin\u012f telefono d\u0117kl\u0105. <\/p>\n<p data-path-to-node=\"7\">Nesvarbu, ar jie nor\u0117s \u012fkelti asmenin\u0119 nuotrauk\u0105, ar pasirinkti i\u0161 m\u016bs\u0173 i\u0161skirtini\u0173 dizain\u0173 \u2013 mes j\u012f atspausdinsime vos per 2 minutes.<\/p>\n<p data-path-to-node=\"8\">\ud83d\udccd KUR PANAUDOTI? \u0160is dovan\u0173 kuponas sukurtas interaktyviai patir\u010diai! J\u012f galima panaudoti TIK m\u016bs\u0173 inovatyviuose savitarnos automatuose, esan\u010diuose: <\/p>\n<ul data-path-to-node=\"9\">\n<li>\n<p data-path-to-node=\"9,0,0\"><b data-path-to-node=\"9,0,0\" data-index-in-node=\"0\">Kaunas Akropolis<\/b><\/p>\n<\/li>\n<li>\n<p data-path-to-node=\"9,1,0\"><b data-path-to-node=\"9,1,0\" data-index-in-node=\"0\">Vilnius Outlet<\/b><\/p>\n<\/li>\n<li>\n<p data-path-to-node=\"9,2,0\"><i data-path-to-node=\"9,2,0\" data-index-in-node=\"0\">(Greitai ir kituose did\u017eiuosiuose miestuose!)<\/i><\/p>\n<\/li>\n<\/ul>\n<p data-path-to-node=\"10\"><b data-path-to-node=\"10\" data-index-in-node=\"0\">K\u0105 apima \u0161is dovan\u0173 kuponas?<\/b><\/p>\n<p data-path-to-node=\"10\">\u0160is kuponas pilnai padengia m\u016bs\u0173 auk\u0161\u010diausios klas\u0117s \u201ePremium Black MagSafe\u201c d\u0117kl\u0173 kain\u0105. Kupono vert\u0117 apskai\u010diuota pagal brangiausius modelius (\u201eiPhone\u201c ir \u201eSamsung S-Series\u201c), tod\u0117l jums nereikia jaudintis d\u0117l kain\u0173 skirtumo. <\/p>\n<ul data-path-to-node=\"11\">\n<li>\n<p data-path-to-node=\"11,0,0\"><b data-path-to-node=\"11,0,0\" data-index-in-node=\"0\">Turite kit\u0105 model\u012f?<\/b> Jei gav\u0117jas turi pigesn\u012f model\u012f (pvz., \u201eXiaomi\u201c ar \u201eSamsung A-Series\u201c), \u0161is kodas vis tiek padengia 100% pirkinio sumos.<\/p>\n<\/li>\n<\/ul>\n<p data-path-to-node=\"12\"><b data-path-to-node=\"12\" data-index-in-node=\"0\">Kas \u012feina \u012f komplekt\u0105?<\/b><\/p>\n<p data-path-to-node=\"12\">\u2705 \u201ePremium Black MagSafe\u201c d\u0117klas: Patvarios med\u017eiagos, tikslus prigludimas ir stiprus magnetinis palaikymas.<\/p>\n<p data-path-to-node=\"12\">\u2705 2 kameros l\u0119\u0161i\u0173 apsaugos: Papildomas saugumas kamerai (pridedama dovan\u0173! \ud83c\udf81).<\/p>\n<p data-path-to-node=\"12\">\u2705 Auk\u0161tos kokyb\u0117s spauda: Ry\u0161kios, ilgaam\u017e\u0117s spalvos.<\/p>\n<p data-path-to-node=\"12\">\u2705 Momentin\u0117 gamyba: Jie sukuria dizain\u0105, o mes atspausdiname vietoje vos per 2 minutes.<\/p>\n<p data-path-to-node=\"13\"><b data-path-to-node=\"13\" data-index-in-node=\"0\">\u2753 Ne\u017einote tikslaus telefono modelio?<\/b> Nesijaudinkite! Tai puikus pasirinkimas be streso. Jei j\u0173 telefonas yra vienas i\u0161 \u017eemiau nurodyt\u0173 palaikom\u0173 modeli\u0173 \u2013 jie gal\u0117s pasinaudoti paslauga.  <\/p>\n<p data-path-to-node=\"14\"><b data-path-to-node=\"14\" data-index-in-node=\"0\">Palaikomi modeliai:<\/b><\/p>\n<p data-path-to-node=\"14\"><b data-path-to-node=\"14\" data-index-in-node=\"0\">Apple iPhone:<\/b><\/p>\n<ul data-path-to-node=\"15\">\n<li>\n<p data-path-to-node=\"15,0,0\">iPhone 17 \/ 17 Pro \/ 17 Pro Max \/ 17 Air<\/p>\n<\/li>\n<li>\n<p data-path-to-node=\"15,1,0\">iPhone 16 \/ 16 Plus \/ 16 Pro \/ 16 Pro Max<\/p>\n<\/li>\n<li>\n<p data-path-to-node=\"15,2,0\">iPhone 15 \/ 15 Plus \/ 15 Pro \/ 15 Pro Max<\/p>\n<\/li>\n<li>\n<p data-path-to-node=\"15,3,0\">iPhone 14 \/ 14 Plus \/ 14 Pro \/ 14 Pro Max<\/p>\n<\/li>\n<li>\n<p data-path-to-node=\"15,4,0\">iPhone 13 \/ 13 Pro \/ 13 Pro Max<\/p>\n<\/li>\n<li>\n<p data-path-to-node=\"15,5,0\">iPhone 12 \/ 12 Pro \/ 12 Pro Max<\/p>\n<\/li>\n<li>\n<p data-path-to-node=\"15,6,0\">iPhone 11 \/ 11 Pro \/ 11 Pro Max<\/p>\n<\/li>\n<\/ul>\n<p data-path-to-node=\"16\"><b data-path-to-node=\"16\" data-index-in-node=\"0\">Samsung Galaxy S Serija:<\/b><\/p>\n<ul data-path-to-node=\"17\">\n<li>\n<p data-path-to-node=\"17,0,0\">S25 \/ S25+ \/ S25 Ultra<\/p>\n<\/li>\n<li>\n<p data-path-to-node=\"17,1,0\">S24 \/ S24+ \/ S24 Ultra<\/p>\n<\/li>\n<li>\n<p data-path-to-node=\"17,2,0\">S23 \/ S23+ \/ S23 Ultra<\/p>\n<\/li>\n<\/ul>\n<p data-path-to-node=\"18\"><b data-path-to-node=\"18\" data-index-in-node=\"0\">Samsung Galaxy A Serija:<\/b><\/p>\n<ul data-path-to-node=\"19\">\n<li>\n<p data-path-to-node=\"19,0,0\">A54 \/ A55 \/ A56<\/p>\n<\/li>\n<li>\n<p data-path-to-node=\"19,1,0\">A34 \/ A35 \/ A36<\/p>\n<\/li>\n<li>\n<p data-path-to-node=\"19,2,0\">A16 \/ A25<\/p>\n<\/li>\n<\/ul>\n<p data-path-to-node=\"20\"><b data-path-to-node=\"20\" data-index-in-node=\"0\">Xiaomi &amp; Redmi:<\/b><\/p>\n<ul data-path-to-node=\"21\">\n<li>\n<p data-path-to-node=\"21,0,0\">Xiaomi 15<\/p>\n<\/li>\n<li>\n<p data-path-to-node=\"21,1,0\">Redmi Note 14 \/ 14 Pro \/ 14 Pro+<\/p>\n<\/li>\n<li>\n<p data-path-to-node=\"21,2,0\">Redmi Note 13 \/ 13 Pro \/ 13 Pro+<\/p>\n<\/li>\n<\/ul>\n<hr data-path-to-node=\"15\">\n<p data-path-to-node=\"16\">\u26a0\ufe0f PASIRINKITE PRISTATYMO B\u016aD\u0104: Prie\u0161 d\u0117dami \u012f krep\u0161el\u012f, i\u0161skleid\u017eiamajame meniu pasirinkite norim\u0105 format\u0105:<\/p>\n<ul data-path-to-node=\"17\">\n<li>\n<p data-path-to-node=\"17,0,0\">\ud83d\udcf1 Skaitmeninis (PDF): Grei\u010diausias b\u016bdas! Dovan\u0173 kupon\u0105 gausite el. pa\u0161tu i\u0161kart po apmok\u0117jimo. Puikiai tinka paskutin\u0117s minut\u0117s dovanoms \u2013 atsispausdinkite patys arba persi\u0173skite fail\u0105 gav\u0117jui.  <\/p>\n<\/li>\n<li>\n<p data-path-to-node=\"17,1,0\">\ud83d\udc8c Atspausdintas ir pristatytas (+5,00 \u20ac): Atspausdinsime kupon\u0105 ant auk\u0161tos kokyb\u0117s popieriaus, gra\u017eiai supakuosime ir i\u0161si\u0173sime Jums (arba gav\u0117jui) registruotu pa\u0161tu.<\/p>\n<\/li>\n<\/ul>\n","protected":false},"excerpt":{"rendered":"<p data-path-to-node=\"4\">Padovanokite k\u016brybi\u0161kum\u0105! \u0160is dovan\u0173 kuponas leid\u017eia gav\u0117jui susikurti ir atsispausdinti unikal\u0173 \u201ePremium Black MagSafe\u201c telefono d\u0117kl\u0105 vos per 2 minutes. <\/p>\n<p data-path-to-node=\"5\">\ud83d\udccd SVARBU: KUR PANAUDOTI? Kodas galioja TIK m\u016bs\u0173 savitarnos automatuose:<\/p>\n<ul data-path-to-node=\"6\">\n<li>\n<p data-path-to-node=\"6,0,0\"><b data-path-to-node=\"6,0,0\" data-index-in-node=\"0\">Kauno Akropolis<\/b><\/p>\n<\/li>\n<li>\n<p data-path-to-node=\"6,1,0\"><b data-path-to-node=\"6,1,0\" data-index-in-node=\"0\">Vilnius Outlet<\/b><\/p>\n<\/li>\n<li>\n<p data-path-to-node=\"6,2,0\"><i data-path-to-node=\"6,2,0\" data-index-in-node=\"0\">(Greitai ir kituose miestuose)<\/i><\/p>\n<\/li>\n<\/ul>\n<p data-path-to-node=\"7\">\u012eeina: 1 susikurtas d\u0117klas + 2 kameros apsaugos. Tinka: Daugumai \u201eiPhone\u201c, \u201eSamsung\u201c (S ir A serijos) bei \u201eXiaomi\u201c modeli\u0173. Formatas: Pasirinkite skaitmenin\u012f (el. pa\u0161tu) arba fizin\u012f (pa\u0161tu).<\/p>\n","protected":false},"featured_media":638,"comment_status":"open","ping_status":"closed","template":"","meta":[],"product_brand":[69,72,77],"product_cat":[105],"product_tag":[111,116,107,117],"class_list":{"0":"post-691","1":"product","2":"type-product","3":"status-publish","4":"has-post-thumbnail","6":"product_brand-apple","7":"product_brand-samsung","8":"product_brand-xiaomi","9":"product_cat-dovanu-kuponas","10":"product_tag-dovanos-ideja","11":"product_tag-iphone","12":"product_tag-personalizuotas-deklas","13":"product_tag-samsung-s-serija","15":"first","16":"instock","17":"shipping-taxable","18":"purchasable","19":"product-type-variable","20":"has-default-attributes"},"_links":{"self":[{"href":"https:\/\/kurkis.eu\/lt\/wp-json\/wp\/v2\/product\/691","targetHints":{"allow":["GET"]}}],"collection":[{"href":"https:\/\/kurkis.eu\/lt\/wp-json\/wp\/v2\/product"}],"about":[{"href":"https:\/\/kurkis.eu\/lt\/wp-json\/wp\/v2\/types\/product"}],"replies":[{"embeddable":true,"href":"https:\/\/kurkis.eu\/lt\/wp-json\/wp\/v2\/comments?post=691"}],"wp:featuredmedia":[{"embeddable":true,"href":"https:\/\/kurkis.eu\/lt\/wp-json\/wp\/v2\/media\/638"}],"wp:attachment":[{"href":"https:\/\/kurkis.eu\/lt\/wp-json\/wp\/v2\/media?parent=691"}],"wp:term":[{"taxonomy":"product_brand","embeddable":true,"href":"https:\/\/kurkis.eu\/lt\/wp-json\/wp\/v2\/product_brand?post=691"},{"taxonomy":"product_cat","embeddable":true,"href":"https:\/\/kurkis.eu\/lt\/wp-json\/wp\/v2\/product_cat?post=691"},{"taxonomy":"product_tag","embeddable":true,"href":"https:\/\/kurkis.eu\/lt\/wp-json\/wp\/v2\/product_tag?post=691"}],"curies":[{"name":"wp","href":"https:\/\/api.w.org\/{rel}","templated":true}]}}