{"id":6541,"date":"2026-01-28T12:39:19","date_gmt":"2026-01-28T10:39:19","guid":{"rendered":"https:\/\/kurkis.eu\/product\/kurkis-custom-case-airpods-2-soft-transparent-matte-front\/"},"modified":"2026-03-06T12:12:05","modified_gmt":"2026-03-06T10:12:05","slug":"kurkis-custom-case-airpods-2-soft-transparent-matte-front","status":"publish","type":"product","link":"https:\/\/kurkis.eu\/lt\/produktas\/kurkis-custom-case-airpods-2-soft-transparent-matte-front\/","title":{"rendered":"AirPods Flex D\u0117klas \u2013 AirPods 2"},"content":{"rendered":"<p><strong>Personalizuotas d\u0117klas, skirtas AirPods 2<\/strong><\/p>\n<p>Sukurkite savo unikal\u0173 d\u0117kl\u0105 su KURKIS \u2014 \u012fkelkite nuotrauk\u0105 arba pasirinkite dizain\u0105.<\/p>\n<ul>\n<li><strong>Prek\u0117s \u017eenklas:<\/strong> Apple<\/li>\n<li><strong>Modelis:<\/strong> AirPods 2<\/li>\n<li><strong>D\u0117klo tipas:<\/strong> Mink\u0161tas d\u0117klas<\/li>\n<li><strong>D\u0117klo spalva:<\/strong> Skaidri<\/li>\n<li><strong>Spauda:<\/strong> Tik priekin\u0117je pus\u0117je<\/li>\n<li><strong>Spaudos u\u017ebaigimas:<\/strong> Matinis<\/li>\n<\/ul>\n<p>Auk\u0161tos kokyb\u0117s spauda ir tikslus prigludimas kasdienei apsaugai.<\/p>\n","protected":false},"excerpt":{"rendered":"<p>Individualaus dizaino d\u0117klas, skirtas AirPods 2. Mink\u0161tas d\u0117klas, skaidrios spalvos, matinis pavir\u0161ius, spauda ant priekio.<\/p>\n","protected":false},"featured_media":6543,"comment_status":"open","ping_status":"closed","template":"","meta":[],"product_brand":[],"product_cat":[882],"product_tag":[900,914,1036,1218,1224,985],"class_list":{"0":"post-6541","1":"product","2":"type-product","3":"status-publish","4":"has-post-thumbnail","6":"product_cat-perosnalizuoti-airpods-deklai","7":"product_tag-airpods-2","8":"product_tag-apple","9":"product_tag-matinis","10":"product_tag-minkstas-deklas","11":"product_tag-skaidrus","12":"product_tag-spauda-ant-priekio","14":"first","15":"instock","16":"shipping-taxable","17":"purchasable","18":"product-type-simple"},"_links":{"self":[{"href":"https:\/\/kurkis.eu\/lt\/wp-json\/wp\/v2\/product\/6541","targetHints":{"allow":["GET"]}}],"collection":[{"href":"https:\/\/kurkis.eu\/lt\/wp-json\/wp\/v2\/product"}],"about":[{"href":"https:\/\/kurkis.eu\/lt\/wp-json\/wp\/v2\/types\/product"}],"replies":[{"embeddable":true,"href":"https:\/\/kurkis.eu\/lt\/wp-json\/wp\/v2\/comments?post=6541"}],"wp:featuredmedia":[{"embeddable":true,"href":"https:\/\/kurkis.eu\/lt\/wp-json\/wp\/v2\/media\/6543"}],"wp:attachment":[{"href":"https:\/\/kurkis.eu\/lt\/wp-json\/wp\/v2\/media?parent=6541"}],"wp:term":[{"taxonomy":"product_brand","embeddable":true,"href":"https:\/\/kurkis.eu\/lt\/wp-json\/wp\/v2\/product_brand?post=6541"},{"taxonomy":"product_cat","embeddable":true,"href":"https:\/\/kurkis.eu\/lt\/wp-json\/wp\/v2\/product_cat?post=6541"},{"taxonomy":"product_tag","embeddable":true,"href":"https:\/\/kurkis.eu\/lt\/wp-json\/wp\/v2\/product_tag?post=6541"}],"curies":[{"name":"wp","href":"https:\/\/api.w.org\/{rel}","templated":true}]}}