{"id":6514,"date":"2026-01-28T12:39:24","date_gmt":"2026-01-28T10:39:24","guid":{"rendered":"https:\/\/kurkis.eu\/product\/kurkis-custom-case-samsung-galaxy-s7-soft-transparent-matte\/"},"modified":"2026-03-06T09:49:58","modified_gmt":"2026-03-06T07:49:58","slug":"kurkis-custom-case-samsung-galaxy-s7-soft-transparent-matte","status":"publish","type":"product","link":"https:\/\/kurkis.eu\/lt\/produktas\/kurkis-custom-case-samsung-galaxy-s7-soft-transparent-matte\/","title":{"rendered":"Flex D\u0117klas \u2013 Samsung Galaxy S7"},"content":{"rendered":"<p><strong>Personalizuotas d\u0117klas, skirtas Samsung Galaxy S7<\/strong><\/p>\n<p>Sukurkite savo unikal\u0173 d\u0117kl\u0105 su KURKIS \u2014 \u012fkelkite nuotrauk\u0105 arba pasirinkite dizain\u0105.<\/p>\n<ul>\n<li><strong>Prek\u0117s \u017eenklas:<\/strong> Samsung<\/li>\n<li><strong>Modelis:<\/strong> Samsung Galaxy S7<\/li>\n<li><strong>D\u0117klo tipas:<\/strong> Mink\u0161tas d\u0117klas<\/li>\n<li><strong>D\u0117klo spalva:<\/strong> Skaidri<\/li>\n<li><strong>Spauda:<\/strong> Tik ant nugar\u0117l\u0117s<\/li>\n<li><strong>Spaudos u\u017ebaigimas:<\/strong> Matinis<\/li>\n<\/ul>\n<p>Auk\u0161tos kokyb\u0117s spauda ir tikslus prigludimas kasdienei apsaugai.<\/p>\n","protected":false},"excerpt":{"rendered":"<p>Individualaus dizaino d\u0117klas, skirtas Samsung Galaxy S7. Mink\u0161tas d\u0117klas, skaidrios spalvos, matinis pavir\u0161ius, spauda ant nugar\u0117l\u0117s. <\/p>\n","protected":false},"featured_media":6516,"comment_status":"open","ping_status":"closed","template":"","meta":[],"product_brand":[],"product_cat":[895,884],"product_tag":[1036,1218,1114,1174,1224,974],"class_list":{"0":"post-6514","1":"product","2":"type-product","3":"status-publish","4":"has-post-thumbnail","6":"product_cat-samsung","7":"product_cat-personalizuoti-telefono-deklai","8":"product_tag-matinis","9":"product_tag-minkstas-deklas","10":"product_tag-samsung","11":"product_tag-samsung-galaxy-s7","12":"product_tag-skaidrus","13":"product_tag-spauda-ant-nugareles","15":"first","16":"instock","17":"shipping-taxable","18":"purchasable","19":"product-type-simple"},"_links":{"self":[{"href":"https:\/\/kurkis.eu\/lt\/wp-json\/wp\/v2\/product\/6514","targetHints":{"allow":["GET"]}}],"collection":[{"href":"https:\/\/kurkis.eu\/lt\/wp-json\/wp\/v2\/product"}],"about":[{"href":"https:\/\/kurkis.eu\/lt\/wp-json\/wp\/v2\/types\/product"}],"replies":[{"embeddable":true,"href":"https:\/\/kurkis.eu\/lt\/wp-json\/wp\/v2\/comments?post=6514"}],"wp:featuredmedia":[{"embeddable":true,"href":"https:\/\/kurkis.eu\/lt\/wp-json\/wp\/v2\/media\/6516"}],"wp:attachment":[{"href":"https:\/\/kurkis.eu\/lt\/wp-json\/wp\/v2\/media?parent=6514"}],"wp:term":[{"taxonomy":"product_brand","embeddable":true,"href":"https:\/\/kurkis.eu\/lt\/wp-json\/wp\/v2\/product_brand?post=6514"},{"taxonomy":"product_cat","embeddable":true,"href":"https:\/\/kurkis.eu\/lt\/wp-json\/wp\/v2\/product_cat?post=6514"},{"taxonomy":"product_tag","embeddable":true,"href":"https:\/\/kurkis.eu\/lt\/wp-json\/wp\/v2\/product_tag?post=6514"}],"curies":[{"name":"wp","href":"https:\/\/api.w.org\/{rel}","templated":true}]}}