{"id":5822,"date":"2026-01-28T12:58:52","date_gmt":"2026-01-28T10:58:52","guid":{"rendered":"https:\/\/kurkis.eu\/product\/kurkis-custom-case-xiaomi-redmi-note-13-5g-soft-transparent-matte\/"},"modified":"2026-03-06T09:52:28","modified_gmt":"2026-03-06T07:52:28","slug":"kurkis-custom-case-xiaomi-redmi-note-13-5g-soft-transparent-matte","status":"publish","type":"product","link":"https:\/\/kurkis.eu\/lt\/produktas\/kurkis-custom-case-xiaomi-redmi-note-13-5g-soft-transparent-matte\/","title":{"rendered":"Flex D\u0117klas \u2013 Xiaomi Redmi Note 13 5G"},"content":{"rendered":"<p><strong>Personalizuotas d\u0117klas, skirtas Xiaomi Redmi Note 13 5G<\/strong><\/p>\n<p>Sukurkite savo unikal\u0173 d\u0117kl\u0105 su KURKIS \u2014 \u012fkelkite nuotrauk\u0105 arba pasirinkite dizain\u0105.<\/p>\n<ul>\n<li><strong>Prek\u0117s \u017eenklas:<\/strong> Xiaomi<\/li>\n<li><strong>Modelis:<\/strong> Xiaomi Redmi Note 13 5G<\/li>\n<li><strong>D\u0117klo tipas:<\/strong> Mink\u0161tas d\u0117klas<\/li>\n<li><strong>D\u0117klo spalva:<\/strong> Skaidri<\/li>\n<li><strong>Spauda:<\/strong> Tik ant nugar\u0117l\u0117s<\/li>\n<li><strong>Spaudos u\u017ebaigimas:<\/strong> Matinis<\/li>\n<\/ul>\n<p>Auk\u0161tos kokyb\u0117s spauda ir tikslus prigludimas kasdienei apsaugai.<\/p>\n","protected":false},"excerpt":{"rendered":"<p>Individualaus dizaino d\u0117klas, skirtas Xiaomi Redmi Note 13 5G. Mink\u0161tas d\u0117klas, skaidrios spalvos, matinis pavir\u0161ius, spauda ant nugar\u0117l\u0117s. <\/p>\n","protected":false},"featured_media":5824,"comment_status":"open","ping_status":"closed","template":"","meta":[],"product_brand":[],"product_cat":[884,896],"product_tag":[1036,1218,1224,974,110,1276],"class_list":{"0":"post-5822","1":"product","2":"type-product","3":"status-publish","4":"has-post-thumbnail","6":"product_cat-personalizuoti-telefono-deklai","7":"product_cat-xiaomi","8":"product_tag-matinis","9":"product_tag-minkstas-deklas","10":"product_tag-skaidrus","11":"product_tag-spauda-ant-nugareles","12":"product_tag-xiaomi","13":"product_tag-xiaomi-redmi-note-13-5g","15":"first","16":"instock","17":"shipping-taxable","18":"purchasable","19":"product-type-simple"},"_links":{"self":[{"href":"https:\/\/kurkis.eu\/lt\/wp-json\/wp\/v2\/product\/5822","targetHints":{"allow":["GET"]}}],"collection":[{"href":"https:\/\/kurkis.eu\/lt\/wp-json\/wp\/v2\/product"}],"about":[{"href":"https:\/\/kurkis.eu\/lt\/wp-json\/wp\/v2\/types\/product"}],"replies":[{"embeddable":true,"href":"https:\/\/kurkis.eu\/lt\/wp-json\/wp\/v2\/comments?post=5822"}],"wp:featuredmedia":[{"embeddable":true,"href":"https:\/\/kurkis.eu\/lt\/wp-json\/wp\/v2\/media\/5824"}],"wp:attachment":[{"href":"https:\/\/kurkis.eu\/lt\/wp-json\/wp\/v2\/media?parent=5822"}],"wp:term":[{"taxonomy":"product_brand","embeddable":true,"href":"https:\/\/kurkis.eu\/lt\/wp-json\/wp\/v2\/product_brand?post=5822"},{"taxonomy":"product_cat","embeddable":true,"href":"https:\/\/kurkis.eu\/lt\/wp-json\/wp\/v2\/product_cat?post=5822"},{"taxonomy":"product_tag","embeddable":true,"href":"https:\/\/kurkis.eu\/lt\/wp-json\/wp\/v2\/product_tag?post=5822"}],"curies":[{"name":"wp","href":"https:\/\/api.w.org\/{rel}","templated":true}]}}