{"id":5510,"date":"2026-01-28T13:07:11","date_gmt":"2026-01-28T11:07:11","guid":{"rendered":"https:\/\/kurkis.eu\/product\/kurkis-custom-case-sony-xperia-1-vii-soft-transparent-matte\/"},"modified":"2026-03-06T09:53:38","modified_gmt":"2026-03-06T07:53:38","slug":"kurkis-custom-case-sony-xperia-1-vii-soft-transparent-matte","status":"publish","type":"product","link":"https:\/\/kurkis.eu\/lt\/produktas\/kurkis-custom-case-sony-xperia-1-vii-soft-transparent-matte\/","title":{"rendered":"Flex D\u0117klas \u2013 Sony Xperia 1 VII"},"content":{"rendered":"<p><strong>Personalizuotas d\u0117klas, skirtas Sony Xperia 1 VII<\/strong><\/p>\n<p>Sukurkite savo unikal\u0173 d\u0117kl\u0105 su KURKIS \u2014 \u012fkelkite nuotrauk\u0105 arba pasirinkite dizain\u0105.<\/p>\n<ul>\n<li><strong>Prek\u0117s \u017eenklas:<\/strong> Sony<\/li>\n<li><strong>Modelis:<\/strong> Sony Xperia 1 VII<\/li>\n<li><strong>D\u0117klo tipas:<\/strong> Mink\u0161tas d\u0117klas<\/li>\n<li><strong>D\u0117klo spalva:<\/strong> Skaidri<\/li>\n<li><strong>Spauda:<\/strong> Tik ant nugar\u0117l\u0117s<\/li>\n<li><strong>Spaudos u\u017ebaigimas:<\/strong> Matinis<\/li>\n<\/ul>\n<p>Auk\u0161tos kokyb\u0117s spauda ir tikslus prigludimas kasdienei apsaugai.<\/p>\n","protected":false},"excerpt":{"rendered":"<p>Individualaus dizaino d\u0117klas, skirtas Sony Xperia 1 VII. Mink\u0161tas d\u0117klas, skaidrios spalvos, matinis pavir\u0161ius, spauda ant nugar\u0117l\u0117s. <\/p>\n","protected":false},"featured_media":5512,"comment_status":"open","ping_status":"closed","template":"","meta":[],"product_brand":[],"product_cat":[897,884],"product_tag":[1036,1218,1224,1217,1220,974],"class_list":{"0":"post-5510","1":"product","2":"type-product","3":"status-publish","4":"has-post-thumbnail","6":"product_cat-sony","7":"product_cat-personalizuoti-telefono-deklai","8":"product_tag-matinis","9":"product_tag-minkstas-deklas","10":"product_tag-skaidrus","11":"product_tag-sony","12":"product_tag-sony-xperia-1-vii","13":"product_tag-spauda-ant-nugareles","15":"first","16":"instock","17":"shipping-taxable","18":"purchasable","19":"product-type-simple"},"_links":{"self":[{"href":"https:\/\/kurkis.eu\/lt\/wp-json\/wp\/v2\/product\/5510","targetHints":{"allow":["GET"]}}],"collection":[{"href":"https:\/\/kurkis.eu\/lt\/wp-json\/wp\/v2\/product"}],"about":[{"href":"https:\/\/kurkis.eu\/lt\/wp-json\/wp\/v2\/types\/product"}],"replies":[{"embeddable":true,"href":"https:\/\/kurkis.eu\/lt\/wp-json\/wp\/v2\/comments?post=5510"}],"wp:featuredmedia":[{"embeddable":true,"href":"https:\/\/kurkis.eu\/lt\/wp-json\/wp\/v2\/media\/5512"}],"wp:attachment":[{"href":"https:\/\/kurkis.eu\/lt\/wp-json\/wp\/v2\/media?parent=5510"}],"wp:term":[{"taxonomy":"product_brand","embeddable":true,"href":"https:\/\/kurkis.eu\/lt\/wp-json\/wp\/v2\/product_brand?post=5510"},{"taxonomy":"product_cat","embeddable":true,"href":"https:\/\/kurkis.eu\/lt\/wp-json\/wp\/v2\/product_cat?post=5510"},{"taxonomy":"product_tag","embeddable":true,"href":"https:\/\/kurkis.eu\/lt\/wp-json\/wp\/v2\/product_tag?post=5510"}],"curies":[{"name":"wp","href":"https:\/\/api.w.org\/{rel}","templated":true}]}}