{"id":5234,"date":"2026-01-28T13:14:38","date_gmt":"2026-01-28T11:14:38","guid":{"rendered":"https:\/\/kurkis.eu\/product\/kurkis-custom-case-samsung-galaxy-s20-ultra-hard-white-glossy-fully-printed\/"},"modified":"2026-03-06T10:30:39","modified_gmt":"2026-03-06T08:30:39","slug":"kurkis-custom-case-samsung-galaxy-s20-ultra-hard-white-glossy-fully-printed","status":"publish","type":"product","link":"https:\/\/kurkis.eu\/lt\/produktas\/kurkis-custom-case-samsung-galaxy-s20-ultra-hard-white-glossy-fully-printed\/","title":{"rendered":"Hard D\u0117klas \u2013 Pilna Spauda \u2013 Samsung Galaxy S20 Ultra"},"content":{"rendered":"<p><strong>Personalizuotas d\u0117klas, skirtas Samsung Galaxy S20 Ultra<\/strong><\/p>\n<p>Sukurkite savo unikal\u0173 d\u0117kl\u0105 su KURKIS \u2014 \u012fkelkite nuotrauk\u0105 arba pasirinkite dizain\u0105.<\/p>\n<ul>\n<li><strong>Prek\u0117s \u017eenklas:<\/strong> Samsung<\/li>\n<li><strong>Modelis:<\/strong> Samsung Galaxy S20 Ultra<\/li>\n<li><strong>D\u0117klo tipas:<\/strong> Kietas (Hard case) d\u0117klas<\/li>\n<li><strong>D\u0117klo spalva:<\/strong> Balta<\/li>\n<li><strong>Spauda:<\/strong> Pilnas padengimas<\/li>\n<li><strong>Spaudos u\u017ebaigimas:<\/strong> Blizgus<\/li>\n<\/ul>\n<p>Auk\u0161tos kokyb\u0117s spauda ir tikslus prigludimas kasdienei apsaugai.<\/p>\n","protected":false},"excerpt":{"rendered":"<p>Individualaus dizaino d\u0117klas, skirtas Samsung Galaxy S20 Ultra. Kietas (Hard case) tipo d\u0117klas, baltos spalvos, blizgiu pavir\u0161iumi ir pilnu spaudos padengimu.<\/p>\n","protected":false},"featured_media":5236,"comment_status":"open","ping_status":"closed","template":"","meta":[],"product_brand":[],"product_cat":[895,884],"product_tag":[1634,984,1008,1114,1182,983],"class_list":{"0":"post-5234","1":"product","2":"type-product","3":"status-publish","4":"has-post-thumbnail","6":"product_cat-samsung","7":"product_cat-personalizuoti-telefono-deklai","8":"product_tag-baltas","9":"product_tag-blizgus","10":"product_tag-kietas-deklas","11":"product_tag-samsung","12":"product_tag-samsung-galaxy-s20-ultra","13":"product_tag-spauda-per-visa-pavirsiu","15":"first","16":"instock","17":"shipping-taxable","18":"purchasable","19":"product-type-simple"},"_links":{"self":[{"href":"https:\/\/kurkis.eu\/lt\/wp-json\/wp\/v2\/product\/5234","targetHints":{"allow":["GET"]}}],"collection":[{"href":"https:\/\/kurkis.eu\/lt\/wp-json\/wp\/v2\/product"}],"about":[{"href":"https:\/\/kurkis.eu\/lt\/wp-json\/wp\/v2\/types\/product"}],"replies":[{"embeddable":true,"href":"https:\/\/kurkis.eu\/lt\/wp-json\/wp\/v2\/comments?post=5234"}],"wp:featuredmedia":[{"embeddable":true,"href":"https:\/\/kurkis.eu\/lt\/wp-json\/wp\/v2\/media\/5236"}],"wp:attachment":[{"href":"https:\/\/kurkis.eu\/lt\/wp-json\/wp\/v2\/media?parent=5234"}],"wp:term":[{"taxonomy":"product_brand","embeddable":true,"href":"https:\/\/kurkis.eu\/lt\/wp-json\/wp\/v2\/product_brand?post=5234"},{"taxonomy":"product_cat","embeddable":true,"href":"https:\/\/kurkis.eu\/lt\/wp-json\/wp\/v2\/product_cat?post=5234"},{"taxonomy":"product_tag","embeddable":true,"href":"https:\/\/kurkis.eu\/lt\/wp-json\/wp\/v2\/product_tag?post=5234"}],"curies":[{"name":"wp","href":"https:\/\/api.w.org\/{rel}","templated":true}]}}