{"id":5105,"date":"2026-01-28T13:17:44","date_gmt":"2026-01-28T11:17:44","guid":{"rendered":"https:\/\/kurkis.eu\/product\/kurkis-custom-case-airpods-pro-2-airpods-hard-white-matte-fully-printed\/"},"modified":"2026-03-06T12:12:08","modified_gmt":"2026-03-06T10:12:08","slug":"kurkis-custom-case-airpods-pro-2-airpods-hard-white-matte-fully-printed","status":"publish","type":"product","link":"https:\/\/kurkis.eu\/lt\/produktas\/kurkis-custom-case-airpods-pro-2-airpods-hard-white-matte-fully-printed\/","title":{"rendered":"AirPods Armor D\u0117klas \u2013 AirPods Pro 2"},"content":{"rendered":"<p><strong>Personalizuotas d\u0117klas, skirtas AirPods Pro 2<\/strong><\/p>\n<p>Sukurkite savo unikal\u0173 d\u0117kl\u0105 su KURKIS \u2014 \u012fkelkite nuotrauk\u0105 arba pasirinkite dizain\u0105.<\/p>\n<ul>\n<li><strong>Prek\u0117s \u017eenklas:<\/strong> Apple<\/li>\n<li><strong>Modelis:<\/strong> AirPods Pro 2<\/li>\n<li><strong>D\u0117klo tipas:<\/strong> AirPods Kietas d\u0117klas<\/li>\n<li><strong>D\u0117klo spalva:<\/strong> Balta<\/li>\n<li><strong>Spauda:<\/strong> Pilnas padengimas<\/li>\n<li><strong>Spaudos u\u017ebaigimas:<\/strong> Matinis<\/li>\n<\/ul>\n<p>Auk\u0161tos kokyb\u0117s spauda ir tikslus prigludimas kasdienei apsaugai.<\/p>\n","protected":false},"excerpt":{"rendered":"<p>Individualaus dizaino d\u0117klas, skirtas AirPods Pro 2. AirPods kieto korpuso d\u0117klas, baltos spalvos, matinis pavir\u0161ius, spauda per vis\u0105 pavir\u0161i\u0173.<\/p>\n","protected":false},"featured_media":5107,"comment_status":"open","ping_status":"closed","template":"","meta":[],"product_brand":[],"product_cat":[882],"product_tag":[912,913,914,1634,1036,983],"class_list":{"0":"post-5105","1":"product","2":"type-product","3":"status-publish","4":"has-post-thumbnail","6":"product_cat-perosnalizuoti-airpods-deklai","7":"product_tag-airpods-hard-case","8":"product_tag-airpods-pro-2","9":"product_tag-apple","10":"product_tag-baltas","11":"product_tag-matinis","12":"product_tag-spauda-per-visa-pavirsiu","14":"first","15":"instock","16":"shipping-taxable","17":"purchasable","18":"product-type-simple"},"_links":{"self":[{"href":"https:\/\/kurkis.eu\/lt\/wp-json\/wp\/v2\/product\/5105","targetHints":{"allow":["GET"]}}],"collection":[{"href":"https:\/\/kurkis.eu\/lt\/wp-json\/wp\/v2\/product"}],"about":[{"href":"https:\/\/kurkis.eu\/lt\/wp-json\/wp\/v2\/types\/product"}],"replies":[{"embeddable":true,"href":"https:\/\/kurkis.eu\/lt\/wp-json\/wp\/v2\/comments?post=5105"}],"wp:featuredmedia":[{"embeddable":true,"href":"https:\/\/kurkis.eu\/lt\/wp-json\/wp\/v2\/media\/5107"}],"wp:attachment":[{"href":"https:\/\/kurkis.eu\/lt\/wp-json\/wp\/v2\/media?parent=5105"}],"wp:term":[{"taxonomy":"product_brand","embeddable":true,"href":"https:\/\/kurkis.eu\/lt\/wp-json\/wp\/v2\/product_brand?post=5105"},{"taxonomy":"product_cat","embeddable":true,"href":"https:\/\/kurkis.eu\/lt\/wp-json\/wp\/v2\/product_cat?post=5105"},{"taxonomy":"product_tag","embeddable":true,"href":"https:\/\/kurkis.eu\/lt\/wp-json\/wp\/v2\/product_tag?post=5105"}],"curies":[{"name":"wp","href":"https:\/\/api.w.org\/{rel}","templated":true}]}}