{"id":4936,"date":"2026-01-28T13:21:27","date_gmt":"2026-01-28T11:21:27","guid":{"rendered":"https:\/\/kurkis.eu\/product\/kurkis-custom-case-apple-ipad-pro-11-soft-transparent-matte\/"},"modified":"2026-03-05T17:59:05","modified_gmt":"2026-03-05T15:59:05","slug":"kurkis-custom-case-apple-ipad-pro-11-soft-transparent-matte","status":"publish","type":"product","link":"https:\/\/kurkis.eu\/lt\/produktas\/kurkis-custom-case-apple-ipad-pro-11-soft-transparent-matte\/","title":{"rendered":"Flex D\u0117klas \u2013 Apple iPad Pro 11"},"content":{"rendered":"<p><strong>Personalizuotas d\u0117klas, skirtas Apple iPad Pro 11<\/strong><\/p>\n<p>Sukurkite savo unikal\u0173 d\u0117kl\u0105 su KURKIS \u2014 \u012fkelkite nuotrauk\u0105 arba pasirinkite dizain\u0105.<\/p>\n<ul>\n<li><strong>Prek\u0117s \u017eenklas:<\/strong> Apple<\/li>\n<li><strong>Modelis:<\/strong> Apple iPad Pro 11<\/li>\n<li><strong>D\u0117klo tipas:<\/strong> Mink\u0161tas d\u0117klas<\/li>\n<li><strong>D\u0117klo spalva:<\/strong> Skaidri<\/li>\n<li><strong>Spauda:<\/strong> Tik ant nugar\u0117l\u0117s<\/li>\n<li><strong>Spaudos u\u017ebaigimas:<\/strong> Matinis<\/li>\n<\/ul>\n<p>Auk\u0161tos kokyb\u0117s spauda ir tikslus prigludimas kasdienei apsaugai.<\/p>\n","protected":false},"excerpt":{"rendered":"<p>Individualaus dizaino d\u0117klas, skirtas Apple iPad Pro 11. Mink\u0161tas d\u0117klas, skaidrios spalvos, matinis pavir\u0161ius, spauda ant nugar\u0117l\u0117s.<\/p>\n","protected":false},"featured_media":4938,"comment_status":"open","ping_status":"closed","template":"","meta":[],"product_brand":[],"product_cat":[898],"product_tag":[914,905,1036,1218,1224,974],"class_list":{"0":"post-4936","1":"product","2":"type-product","3":"status-publish","4":"has-post-thumbnail","6":"product_cat-personalizuoti-ipad-deklai","7":"product_tag-apple","8":"product_tag-apple-ipad-pro-11","9":"product_tag-matinis","10":"product_tag-minkstas-deklas","11":"product_tag-skaidrus","12":"product_tag-spauda-ant-nugareles","14":"first","15":"instock","16":"shipping-taxable","17":"purchasable","18":"product-type-simple"},"_links":{"self":[{"href":"https:\/\/kurkis.eu\/lt\/wp-json\/wp\/v2\/product\/4936","targetHints":{"allow":["GET"]}}],"collection":[{"href":"https:\/\/kurkis.eu\/lt\/wp-json\/wp\/v2\/product"}],"about":[{"href":"https:\/\/kurkis.eu\/lt\/wp-json\/wp\/v2\/types\/product"}],"replies":[{"embeddable":true,"href":"https:\/\/kurkis.eu\/lt\/wp-json\/wp\/v2\/comments?post=4936"}],"wp:featuredmedia":[{"embeddable":true,"href":"https:\/\/kurkis.eu\/lt\/wp-json\/wp\/v2\/media\/4938"}],"wp:attachment":[{"href":"https:\/\/kurkis.eu\/lt\/wp-json\/wp\/v2\/media?parent=4936"}],"wp:term":[{"taxonomy":"product_brand","embeddable":true,"href":"https:\/\/kurkis.eu\/lt\/wp-json\/wp\/v2\/product_brand?post=4936"},{"taxonomy":"product_cat","embeddable":true,"href":"https:\/\/kurkis.eu\/lt\/wp-json\/wp\/v2\/product_cat?post=4936"},{"taxonomy":"product_tag","embeddable":true,"href":"https:\/\/kurkis.eu\/lt\/wp-json\/wp\/v2\/product_tag?post=4936"}],"curies":[{"name":"wp","href":"https:\/\/api.w.org\/{rel}","templated":true}]}}