{"id":4927,"date":"2026-01-28T13:21:43","date_gmt":"2026-01-28T11:21:43","guid":{"rendered":"https:\/\/kurkis.eu\/product\/kurkis-custom-case-apple-macbook-pro-16-inch-m1-2021-a2485-macbook-hard-transparent-matte-front\/"},"modified":"2026-03-05T17:59:07","modified_gmt":"2026-03-05T15:59:07","slug":"kurkis-custom-case-apple-macbook-pro-16-inch-m1-2021-a2485-macbook-hard-transparent-matte-front","status":"publish","type":"product","link":"https:\/\/kurkis.eu\/lt\/produktas\/kurkis-custom-case-apple-macbook-pro-16-inch-m1-2021-a2485-macbook-hard-transparent-matte-front\/","title":{"rendered":"MacBook Shell D\u0117klas \u2013 Apple MacBook Pro 16 coli\u0173 M1 (2021) A2485"},"content":{"rendered":"<p><strong>Personalizuotas d\u0117klas, skirtas Apple MacBook Pro 16 coli\u0173 M1 (2021) A2485<\/strong><\/p>\n<p>Sukurkite savo unikal\u0173 d\u0117kl\u0105 su KURKIS \u2014 \u012fkelkite nuotrauk\u0105 arba pasirinkite dizain\u0105.<\/p>\n<ul>\n<li><strong>Prek\u0117s \u017eenklas:<\/strong> Apple<\/li>\n<li><strong>Modelis:<\/strong> Apple MacBook Pro 16 coli\u0173 M1 (2021) A2485<\/li>\n<li><strong>D\u0117klo tipas:<\/strong> MacBook kieto korpuso d\u0117klas<\/li>\n<li><strong>D\u0117klo spalva:<\/strong> Skaidri<\/li>\n<li><strong>Spauda:<\/strong> Tik priekin\u0117je pus\u0117je<\/li>\n<li><strong>Spaudos u\u017ebaigimas:<\/strong> Matinis<\/li>\n<\/ul>\n<p>Auk\u0161tos kokyb\u0117s spauda ir tikslus prigludimas kasdienei apsaugai.<\/p>\n","protected":false},"excerpt":{"rendered":"<p>Individualaus dizaino d\u0117klas, skirtas Apple MacBook Pro 16 coli\u0173 M1 (2021) A2485. Kieto korpuso d\u0117klas, skaidrios spalvos, matinis pavir\u0161ius, priekin\u0117 spauda.<\/p>\n","protected":false},"featured_media":4929,"comment_status":"open","ping_status":"closed","template":"","meta":[],"product_brand":[],"product_cat":[883],"product_tag":[914,919,1034,1036,1224,985],"class_list":{"0":"post-4927","1":"product","2":"type-product","3":"status-publish","4":"has-post-thumbnail","6":"product_cat-personalizuoti-macbook-deklai","7":"product_tag-apple","8":"product_tag-apple-macbook-pro-16-inch-m1-2021-a2485","9":"product_tag-macbook-kietas-deklas","10":"product_tag-matinis","11":"product_tag-skaidrus","12":"product_tag-spauda-ant-priekio","14":"first","15":"instock","16":"shipping-taxable","17":"purchasable","18":"product-type-simple"},"_links":{"self":[{"href":"https:\/\/kurkis.eu\/lt\/wp-json\/wp\/v2\/product\/4927","targetHints":{"allow":["GET"]}}],"collection":[{"href":"https:\/\/kurkis.eu\/lt\/wp-json\/wp\/v2\/product"}],"about":[{"href":"https:\/\/kurkis.eu\/lt\/wp-json\/wp\/v2\/types\/product"}],"replies":[{"embeddable":true,"href":"https:\/\/kurkis.eu\/lt\/wp-json\/wp\/v2\/comments?post=4927"}],"wp:featuredmedia":[{"embeddable":true,"href":"https:\/\/kurkis.eu\/lt\/wp-json\/wp\/v2\/media\/4929"}],"wp:attachment":[{"href":"https:\/\/kurkis.eu\/lt\/wp-json\/wp\/v2\/media?parent=4927"}],"wp:term":[{"taxonomy":"product_brand","embeddable":true,"href":"https:\/\/kurkis.eu\/lt\/wp-json\/wp\/v2\/product_brand?post=4927"},{"taxonomy":"product_cat","embeddable":true,"href":"https:\/\/kurkis.eu\/lt\/wp-json\/wp\/v2\/product_cat?post=4927"},{"taxonomy":"product_tag","embeddable":true,"href":"https:\/\/kurkis.eu\/lt\/wp-json\/wp\/v2\/product_tag?post=4927"}],"curies":[{"name":"wp","href":"https:\/\/api.w.org\/{rel}","templated":true}]}}