{"id":4708,"date":"2026-01-28T13:27:07","date_gmt":"2026-01-28T11:27:07","guid":{"rendered":"https:\/\/kurkis.eu\/product\/kurkis-custom-case-samsung-galaxy-s24-plus-crossbody-transparent-matte\/"},"modified":"2026-03-05T15:17:27","modified_gmt":"2026-03-05T13:17:27","slug":"kurkis-custom-case-samsung-galaxy-s24-plus-crossbody-transparent-matte","status":"publish","type":"product","link":"https:\/\/kurkis.eu\/lt\/produktas\/kurkis-custom-case-samsung-galaxy-s24-plus-crossbody-transparent-matte\/","title":{"rendered":"Crossbody D\u0117klas \u2013 Samsung Galaxy S24 Plus"},"content":{"rendered":"<p><strong>Personalizuotas d\u0117klas, skirtas Samsung Galaxy S24 Plus<\/strong><\/p>\n<p>Sukurkite savo unikal\u0173 d\u0117kl\u0105 su KURKIS \u2014 \u012fkelkite nuotrauk\u0105 arba pasirinkite dizain\u0105.<\/p>\n<ul>\n<li><strong>Prek\u0117s \u017eenklas:<\/strong> Samsung<\/li>\n<li><strong>Modelis:<\/strong> Samsung Galaxy S24 Plus<\/li>\n<li><strong>D\u0117klo tipas:<\/strong> D\u0117klas su virvele (Crossbody)<\/li>\n<li><strong>D\u0117klo spalva:<\/strong> Skaidri<\/li>\n<li><strong>Spauda:<\/strong> Tik ant nugar\u0117l\u0117s<\/li>\n<li><strong>Spaudos u\u017ebaigimas:<\/strong> Matinis<\/li>\n<\/ul>\n<p>Auk\u0161tos kokyb\u0117s spauda ir tikslus prigludimas kasdienei apsaugai.<\/p>\n","protected":false},"excerpt":{"rendered":"<p>Individualaus dizaino d\u0117klas, skirtas Samsung Galaxy S24 Plus. D\u0117klas su virvele (Crossbody), skaidrios spalvos, matiniu pavir\u0161iumi ir spauda ant nugar\u0117l\u0117s.<\/p>\n","protected":false},"featured_media":4710,"comment_status":"open","ping_status":"closed","template":"","meta":[],"product_brand":[],"product_cat":[895,884],"product_tag":[979,1036,1114,1207,1224,974],"class_list":{"0":"post-4708","1":"product","2":"type-product","3":"status-publish","4":"has-post-thumbnail","6":"product_cat-samsung","7":"product_cat-personalizuoti-telefono-deklai","8":"product_tag-crossbody-deklas","9":"product_tag-matinis","10":"product_tag-samsung","11":"product_tag-samsung-galaxy-s24-plus","12":"product_tag-skaidrus","13":"product_tag-spauda-ant-nugareles","15":"first","16":"instock","17":"shipping-taxable","18":"purchasable","19":"product-type-simple"},"_links":{"self":[{"href":"https:\/\/kurkis.eu\/lt\/wp-json\/wp\/v2\/product\/4708","targetHints":{"allow":["GET"]}}],"collection":[{"href":"https:\/\/kurkis.eu\/lt\/wp-json\/wp\/v2\/product"}],"about":[{"href":"https:\/\/kurkis.eu\/lt\/wp-json\/wp\/v2\/types\/product"}],"replies":[{"embeddable":true,"href":"https:\/\/kurkis.eu\/lt\/wp-json\/wp\/v2\/comments?post=4708"}],"wp:featuredmedia":[{"embeddable":true,"href":"https:\/\/kurkis.eu\/lt\/wp-json\/wp\/v2\/media\/4710"}],"wp:attachment":[{"href":"https:\/\/kurkis.eu\/lt\/wp-json\/wp\/v2\/media?parent=4708"}],"wp:term":[{"taxonomy":"product_brand","embeddable":true,"href":"https:\/\/kurkis.eu\/lt\/wp-json\/wp\/v2\/product_brand?post=4708"},{"taxonomy":"product_cat","embeddable":true,"href":"https:\/\/kurkis.eu\/lt\/wp-json\/wp\/v2\/product_cat?post=4708"},{"taxonomy":"product_tag","embeddable":true,"href":"https:\/\/kurkis.eu\/lt\/wp-json\/wp\/v2\/product_tag?post=4708"}],"curies":[{"name":"wp","href":"https:\/\/api.w.org\/{rel}","templated":true}]}}