{"id":4597,"date":"2026-01-28T13:29:48","date_gmt":"2026-01-28T11:29:48","guid":{"rendered":"https:\/\/kurkis.eu\/product\/kurkis-custom-case-apple-iphone-13-tough-black-glossy-fully-printed\/"},"modified":"2026-03-05T14:12:36","modified_gmt":"2026-03-05T12:12:36","slug":"kurkis-custom-case-apple-iphone-13-tough-black-glossy-fully-printed","status":"publish","type":"product","link":"https:\/\/kurkis.eu\/lt\/produktas\/kurkis-custom-case-apple-iphone-13-tough-black-glossy-fully-printed\/","title":{"rendered":"Armor D\u0117klas \u2013 Apple iPhone 13"},"content":{"rendered":"<p><strong>Personalizuotas d\u0117klas, skirtas Apple iPhone 13<\/strong><\/p>\n<p>Sukurkite savo unikal\u0173 d\u0117kl\u0105 su KURKIS \u2014 \u012fkelkite nuotrauk\u0105 arba pasirinkite dizain\u0105.<\/p>\n<ul>\n<li><strong>Prek\u0117s \u017eenklas:<\/strong> Apple<\/li>\n<li><strong>Modelis:<\/strong> Apple iPhone 13<\/li>\n<li><strong>D\u0117klo tipas:<\/strong> Sutvirtintas (Tough) d\u0117klas<\/li>\n<li><strong>D\u0117klo spalva:<\/strong> Juoda<\/li>\n<li><strong>Spauda: <\/strong>Pilnas padengimas<\/li>\n<li><strong>Spaudos u\u017ebaigimas:<\/strong> Blizgus<\/li>\n<\/ul>\n<p>Auk\u0161tos kokyb\u0117s spauda ir tikslus prigludimas kasdienei apsaugai.<\/p>\n","protected":false},"excerpt":{"rendered":"<p>Individualaus dizaino d\u0117klas, skirtas Apple iPhone 13. Sutvirtintas (Tough) tipo d\u0117klas, juodos spalvos, blizgiu pavir\u0161iumi ir pilnu spaudos padengimu.<\/p>\n","protected":false},"featured_media":4599,"comment_status":"open","ping_status":"closed","template":"","meta":[],"product_brand":[],"product_cat":[885,884],"product_tag":[914,933,984,976,983,1221],"class_list":{"0":"post-4597","1":"product","2":"type-product","3":"status-publish","4":"has-post-thumbnail","6":"product_cat-apple","7":"product_cat-personalizuoti-telefono-deklai","8":"product_tag-apple","9":"product_tag-apple-iphone-13","10":"product_tag-blizgus","11":"product_tag-juodas","12":"product_tag-spauda-per-visa-pavirsiu","13":"product_tag-tvirtas-deklas","15":"first","16":"instock","17":"shipping-taxable","18":"purchasable","19":"product-type-simple"},"_links":{"self":[{"href":"https:\/\/kurkis.eu\/lt\/wp-json\/wp\/v2\/product\/4597","targetHints":{"allow":["GET"]}}],"collection":[{"href":"https:\/\/kurkis.eu\/lt\/wp-json\/wp\/v2\/product"}],"about":[{"href":"https:\/\/kurkis.eu\/lt\/wp-json\/wp\/v2\/types\/product"}],"replies":[{"embeddable":true,"href":"https:\/\/kurkis.eu\/lt\/wp-json\/wp\/v2\/comments?post=4597"}],"wp:featuredmedia":[{"embeddable":true,"href":"https:\/\/kurkis.eu\/lt\/wp-json\/wp\/v2\/media\/4599"}],"wp:attachment":[{"href":"https:\/\/kurkis.eu\/lt\/wp-json\/wp\/v2\/media?parent=4597"}],"wp:term":[{"taxonomy":"product_brand","embeddable":true,"href":"https:\/\/kurkis.eu\/lt\/wp-json\/wp\/v2\/product_brand?post=4597"},{"taxonomy":"product_cat","embeddable":true,"href":"https:\/\/kurkis.eu\/lt\/wp-json\/wp\/v2\/product_cat?post=4597"},{"taxonomy":"product_tag","embeddable":true,"href":"https:\/\/kurkis.eu\/lt\/wp-json\/wp\/v2\/product_tag?post=4597"}],"curies":[{"name":"wp","href":"https:\/\/api.w.org\/{rel}","templated":true}]}}