{"id":4273,"date":"2026-01-28T13:38:42","date_gmt":"2026-01-28T11:38:42","guid":{"rendered":"https:\/\/kurkis.eu\/product\/wallet-deklas-pilna-spauda-apple-iphone-air\/"},"modified":"2026-03-04T14:55:10","modified_gmt":"2026-03-04T12:55:10","slug":"wallet-deklas-pilna-spauda-apple-iphone-air","status":"publish","type":"product","link":"https:\/\/kurkis.eu\/lt\/produktas\/wallet-deklas-pilna-spauda-apple-iphone-air\/","title":{"rendered":"Wallet D\u0117klas \u2013 Pilna Spauda \u2013 Apple iPhone Air"},"content":{"rendered":"<p><strong>Personalizuotas d\u0117klas, skirtas Apple iPhone Air<\/strong><\/p>\n<p>Sukurk savo unikal\u0173 d\u0117kl\u0105 su KURKIS \u2013 \u012fkelk nuotrauk\u0105 arba pasirink dizain\u0105.<\/p>\n<ul>\n<li><strong>Prek\u0117s \u017eenklas: <\/strong>Apple<\/li>\n<li><strong>Modelis:<\/strong> Apple iPhone Air<\/li>\n<li><strong>D\u0117klo tipas: <\/strong>Atver\u010diamas d\u0117klas (pinigin\u0117)<\/li>\n<li><strong>D\u0117klo spalva:<\/strong> Balta<\/li>\n<li><strong>Spauda:<\/strong> Pilnas padengimas<\/li>\n<li><strong>Spaudos u\u017ebaigimas: <\/strong>Matinis<\/li>\n<\/ul>\n<p>Auk\u0161tos kokyb\u0117s spauda ir tikslus prigludimas kasdienei apsaugai.<\/p>\n","protected":false},"excerpt":{"rendered":"<p>D\u0117klas su individualia spauda, skirtas Apple iPhone Air. Atver\u010diamas d\u0117klas, baltos spalvos, matinis pavir\u0161ius, spauda per vis\u0105 pavir\u0161i\u0173. <\/p>\n","protected":false},"featured_media":4276,"comment_status":"open","ping_status":"closed","template":"","meta":[],"product_brand":[],"product_cat":[885,884],"product_tag":[914,970,1634,1226,1036,983],"class_list":{"0":"post-4273","1":"product","2":"type-product","3":"status-publish","4":"has-post-thumbnail","6":"product_cat-apple","7":"product_cat-personalizuoti-telefono-deklai","8":"product_tag-apple","9":"product_tag-apple-iphone-air","10":"product_tag-baltas","11":"product_tag-deklas-pinigine","12":"product_tag-matinis","13":"product_tag-spauda-per-visa-pavirsiu","15":"first","16":"instock","17":"shipping-taxable","18":"purchasable","19":"product-type-simple"},"_links":{"self":[{"href":"https:\/\/kurkis.eu\/lt\/wp-json\/wp\/v2\/product\/4273","targetHints":{"allow":["GET"]}}],"collection":[{"href":"https:\/\/kurkis.eu\/lt\/wp-json\/wp\/v2\/product"}],"about":[{"href":"https:\/\/kurkis.eu\/lt\/wp-json\/wp\/v2\/types\/product"}],"replies":[{"embeddable":true,"href":"https:\/\/kurkis.eu\/lt\/wp-json\/wp\/v2\/comments?post=4273"}],"wp:featuredmedia":[{"embeddable":true,"href":"https:\/\/kurkis.eu\/lt\/wp-json\/wp\/v2\/media\/4276"}],"wp:attachment":[{"href":"https:\/\/kurkis.eu\/lt\/wp-json\/wp\/v2\/media?parent=4273"}],"wp:term":[{"taxonomy":"product_brand","embeddable":true,"href":"https:\/\/kurkis.eu\/lt\/wp-json\/wp\/v2\/product_brand?post=4273"},{"taxonomy":"product_cat","embeddable":true,"href":"https:\/\/kurkis.eu\/lt\/wp-json\/wp\/v2\/product_cat?post=4273"},{"taxonomy":"product_tag","embeddable":true,"href":"https:\/\/kurkis.eu\/lt\/wp-json\/wp\/v2\/product_tag?post=4273"}],"curies":[{"name":"wp","href":"https:\/\/api.w.org\/{rel}","templated":true}]}}