{"id":4212,"date":"2026-01-28T13:18:07","date_gmt":"2026-01-28T11:18:07","guid":{"rendered":"https:\/\/kurkis.eu\/product\/wallet-deklas-priekine-spauda-apple-iphone-11-pro\/"},"modified":"2026-03-06T11:30:57","modified_gmt":"2026-03-06T09:30:57","slug":"wallet-deklas-priekine-spauda-apple-iphone-11-pro","status":"publish","type":"product","link":"https:\/\/kurkis.eu\/lt\/produktas\/wallet-deklas-priekine-spauda-apple-iphone-11-pro\/","title":{"rendered":"Wallet D\u0117klas \u2013 Priekin\u0117 spauda \u2013 Apple iPhone 11 Pro"},"content":{"rendered":"<p><strong>Personalizuotas d\u0117klas, skirtas Apple iPhone 11 Pro<\/strong><\/p>\n<p>Sukurk savo individual\u0173 d\u0117kl\u0105 su KURKIS \u2014 \u012fkelk nuotrauk\u0105 arba pasirink dizain\u0105.<\/p>\n<ul>\n<li><strong>Prek\u0117s \u017eenklas: <\/strong>Apple<\/li>\n<li><strong>Modelis:<\/strong> Apple iPhone 11 Pro<\/li>\n<li><strong>D\u0117klo tipas: <\/strong>Atver\u010diamas d\u0117klas (pinigin\u0117)<\/li>\n<li><strong>D\u0117klo spalva:<\/strong> Juoda<\/li>\n<li>Spauda: Tik priekin\u0117je pus\u0117je<\/li>\n<li><strong>Spaudos u\u017ebaigimas: <\/strong>Matinis<\/li>\n<\/ul>\n<p>Auk\u0161tos kokyb\u0117s spauda ir tikslus prigludimas kasdienei apsaugai.<\/p>\n","protected":false},"excerpt":{"rendered":"<p>Individualaus dizaino d\u0117klas, skirtas Apple iPhone 11 Pro. Atver\u010diamas d\u0117klas, juodos spalvos, matinis pavir\u0161ius, priekin\u0117 spauda. <\/p>\n","protected":false},"featured_media":4214,"comment_status":"open","ping_status":"closed","template":"","meta":[],"product_brand":[],"product_cat":[885,884],"product_tag":[914,925,1226,976,1036,985],"class_list":{"0":"post-4212","1":"product","2":"type-product","3":"status-publish","4":"has-post-thumbnail","6":"product_cat-apple","7":"product_cat-personalizuoti-telefono-deklai","8":"product_tag-apple","9":"product_tag-apple-iphone-11-pro","10":"product_tag-deklas-pinigine","11":"product_tag-juodas","12":"product_tag-matinis","13":"product_tag-spauda-ant-priekio","15":"first","16":"instock","17":"shipping-taxable","18":"purchasable","19":"product-type-simple"},"_links":{"self":[{"href":"https:\/\/kurkis.eu\/lt\/wp-json\/wp\/v2\/product\/4212","targetHints":{"allow":["GET"]}}],"collection":[{"href":"https:\/\/kurkis.eu\/lt\/wp-json\/wp\/v2\/product"}],"about":[{"href":"https:\/\/kurkis.eu\/lt\/wp-json\/wp\/v2\/types\/product"}],"replies":[{"embeddable":true,"href":"https:\/\/kurkis.eu\/lt\/wp-json\/wp\/v2\/comments?post=4212"}],"wp:featuredmedia":[{"embeddable":true,"href":"https:\/\/kurkis.eu\/lt\/wp-json\/wp\/v2\/media\/4214"}],"wp:attachment":[{"href":"https:\/\/kurkis.eu\/lt\/wp-json\/wp\/v2\/media?parent=4212"}],"wp:term":[{"taxonomy":"product_brand","embeddable":true,"href":"https:\/\/kurkis.eu\/lt\/wp-json\/wp\/v2\/product_brand?post=4212"},{"taxonomy":"product_cat","embeddable":true,"href":"https:\/\/kurkis.eu\/lt\/wp-json\/wp\/v2\/product_cat?post=4212"},{"taxonomy":"product_tag","embeddable":true,"href":"https:\/\/kurkis.eu\/lt\/wp-json\/wp\/v2\/product_tag?post=4212"}],"curies":[{"name":"wp","href":"https:\/\/api.w.org\/{rel}","templated":true}]}}