{"id":4154,"date":"2026-01-28T13:14:15","date_gmt":"2026-01-28T11:14:15","guid":{"rendered":"https:\/\/kurkis.eu\/product\/eco-deklas-samsung-galaxy-s26-ultra\/"},"modified":"2026-03-06T10:51:55","modified_gmt":"2026-03-06T08:51:55","slug":"kurkis-custom-case-samsung-galaxy-s26-ultra-biodegradable-black-matte","status":"publish","type":"product","link":"https:\/\/kurkis.eu\/lt\/produktas\/kurkis-custom-case-samsung-galaxy-s26-ultra-biodegradable-black-matte\/","title":{"rendered":"Bio D\u0117klas \u2013 Samsung Galaxy S26 Ultra"},"content":{"rendered":"<p><strong>Personalizuotas d\u0117klas Samsung Galaxy S26 Ultra<\/strong><\/p>\n<p>Sukurk savo unikal\u0173 d\u0117kl\u0105 su KURKIS \u2013 \u012fkelk nuotrauk\u0105 arba pasirink dizain\u0105.<\/p>\n<ul>\n<li><strong>Prek\u0117s \u017eenklas:<\/strong> Samsung<\/li>\n<li><strong>Modelis:<\/strong> Samsung Galaxy S26 Ultra<\/li>\n<li><strong>D\u0117klo tipas:<\/strong> Savaime suyrantis d\u0117klas<\/li>\n<li><strong>D\u0117klo spalva:<\/strong> Juoda<\/li>\n<li>Spauda: Tik ant nugar\u0117l\u0117s<\/li>\n<li><strong>Spaudos u\u017ebaigimas: <\/strong>Matinis<\/li>\n<\/ul>\n<p>Auk\u0161tos kokyb\u0117s spauda ir tikslus prigludimas kasdienei apsaugai.<\/p>\n","protected":false},"excerpt":{"rendered":"<p>Individualiai spausdintas d\u0117klas Samsung Galaxy S26 Ultra. Biologi\u0161kai skaidus d\u0117klas, juodos spalvos, matinis pavir\u0161ius, spausdinta ant galin\u0117s pus\u0117s. <\/p>\n","protected":false},"featured_media":4152,"comment_status":"open","ping_status":"closed","template":"","meta":[],"product_brand":[],"product_cat":[895,884],"product_tag":[976,1036,1114,1198,974,975],"class_list":{"0":"post-4154","1":"product","2":"type-product","3":"status-publish","4":"has-post-thumbnail","6":"product_cat-samsung","7":"product_cat-personalizuoti-telefono-deklai","8":"product_tag-juodas","9":"product_tag-matinis","10":"product_tag-samsung","11":"product_tag-samsung-galaxy-s26-ultra","12":"product_tag-spauda-ant-nugareles","13":"product_tag-suyrantis-deklas","15":"first","16":"instock","17":"shipping-taxable","18":"purchasable","19":"product-type-simple"},"_links":{"self":[{"href":"https:\/\/kurkis.eu\/lt\/wp-json\/wp\/v2\/product\/4154","targetHints":{"allow":["GET"]}}],"collection":[{"href":"https:\/\/kurkis.eu\/lt\/wp-json\/wp\/v2\/product"}],"about":[{"href":"https:\/\/kurkis.eu\/lt\/wp-json\/wp\/v2\/types\/product"}],"replies":[{"embeddable":true,"href":"https:\/\/kurkis.eu\/lt\/wp-json\/wp\/v2\/comments?post=4154"}],"wp:featuredmedia":[{"embeddable":true,"href":"https:\/\/kurkis.eu\/lt\/wp-json\/wp\/v2\/media\/4152"}],"wp:attachment":[{"href":"https:\/\/kurkis.eu\/lt\/wp-json\/wp\/v2\/media?parent=4154"}],"wp:term":[{"taxonomy":"product_brand","embeddable":true,"href":"https:\/\/kurkis.eu\/lt\/wp-json\/wp\/v2\/product_brand?post=4154"},{"taxonomy":"product_cat","embeddable":true,"href":"https:\/\/kurkis.eu\/lt\/wp-json\/wp\/v2\/product_cat?post=4154"},{"taxonomy":"product_tag","embeddable":true,"href":"https:\/\/kurkis.eu\/lt\/wp-json\/wp\/v2\/product_tag?post=4154"}],"curies":[{"name":"wp","href":"https:\/\/api.w.org\/{rel}","templated":true}]}}