{"id":4136,"date":"2026-01-28T13:21:37","date_gmt":"2026-01-28T11:21:37","guid":{"rendered":"https:\/\/kurkis.eu\/product\/macbook-shell-deklas-apple-macbook-air-15-coliu-m2-2023-a2941\/"},"modified":"2026-03-04T12:43:12","modified_gmt":"2026-03-04T10:43:12","slug":"macbook-shell-deklas-apple-macbook-air-15-coliu-m2-2023-a2941","status":"publish","type":"product","link":"https:\/\/kurkis.eu\/lt\/produktas\/macbook-shell-deklas-apple-macbook-air-15-coliu-m2-2023-a2941\/","title":{"rendered":"MacBook Shell D\u0117klas \u2013 Apple MacBook Air 15 coli\u0173 M2 (2023) A2941"},"content":{"rendered":"<p><strong>Personalizuotas d\u0117klas, skirtas Apple MacBook Air 15 coli\u0173 M2 (2023) A2941<\/strong><\/p>\n<p>Sukurk savo individual\u0173 d\u0117kl\u0105 su KURKIS \u2014 \u012fkelk nuotrauk\u0105 arba pasirink dizain\u0105.<\/p>\n<ul>\n<li><strong>Prek\u0117s \u017eenklas: <\/strong>Apple<\/li>\n<li><strong>Modelis:<\/strong> Apple MacBook Air 15 coli\u0173 M2 (2023) A2941<\/li>\n<li><strong>D\u0117klo tipas:<\/strong> MacBook kieto korpuso d\u0117klas<\/li>\n<li>D\u0117klo spalva: Skaidri<\/li>\n<li>Spauda: Tik priekin\u0117je pus\u0117je<\/li>\n<li><strong>Spaudos u\u017ebaigimas: <\/strong>Matinis<\/li>\n<\/ul>\n<p>Auk\u0161tos kokyb\u0117s spauda ir tikslus prigludimas kasdienei apsaugai.<\/p>\n","protected":false},"excerpt":{"rendered":"<p>D\u0117klas su individualia spauda, skirtas Apple MacBook Air 15 coli\u0173 M2 (2023) A2941. Kieto korpuso d\u0117klas, skaidrios spalvos, matinis pavir\u0161ius, priekin\u0117 spauda. <\/p>\n","protected":false},"featured_media":4138,"comment_status":"open","ping_status":"closed","template":"","meta":[],"product_brand":[],"product_cat":[883],"product_tag":[914,917,1034,1036,1224,985],"class_list":{"0":"post-4136","1":"product","2":"type-product","3":"status-publish","4":"has-post-thumbnail","6":"product_cat-personalizuoti-macbook-deklai","7":"product_tag-apple","8":"product_tag-apple-macbook-air-15-inch-m2-2023-a2941","9":"product_tag-macbook-kietas-deklas","10":"product_tag-matinis","11":"product_tag-skaidrus","12":"product_tag-spauda-ant-priekio","14":"first","15":"instock","16":"shipping-taxable","17":"purchasable","18":"product-type-simple"},"_links":{"self":[{"href":"https:\/\/kurkis.eu\/lt\/wp-json\/wp\/v2\/product\/4136","targetHints":{"allow":["GET"]}}],"collection":[{"href":"https:\/\/kurkis.eu\/lt\/wp-json\/wp\/v2\/product"}],"about":[{"href":"https:\/\/kurkis.eu\/lt\/wp-json\/wp\/v2\/types\/product"}],"replies":[{"embeddable":true,"href":"https:\/\/kurkis.eu\/lt\/wp-json\/wp\/v2\/comments?post=4136"}],"wp:featuredmedia":[{"embeddable":true,"href":"https:\/\/kurkis.eu\/lt\/wp-json\/wp\/v2\/media\/4138"}],"wp:attachment":[{"href":"https:\/\/kurkis.eu\/lt\/wp-json\/wp\/v2\/media?parent=4136"}],"wp:term":[{"taxonomy":"product_brand","embeddable":true,"href":"https:\/\/kurkis.eu\/lt\/wp-json\/wp\/v2\/product_brand?post=4136"},{"taxonomy":"product_cat","embeddable":true,"href":"https:\/\/kurkis.eu\/lt\/wp-json\/wp\/v2\/product_cat?post=4136"},{"taxonomy":"product_tag","embeddable":true,"href":"https:\/\/kurkis.eu\/lt\/wp-json\/wp\/v2\/product_tag?post=4136"}],"curies":[{"name":"wp","href":"https:\/\/api.w.org\/{rel}","templated":true}]}}