{"id":4117,"date":"2026-01-28T13:25:06","date_gmt":"2026-01-28T11:25:06","guid":{"rendered":"https:\/\/kurkis.eu\/product\/armor-serijos-magsafe-deklas-samsung-galaxy-s26-ultra\/"},"modified":"2026-03-04T12:43:08","modified_gmt":"2026-03-04T10:43:08","slug":"armor-serijos-magsafe-deklas-samsung-galaxy-s26-ultra","status":"publish","type":"product","link":"https:\/\/kurkis.eu\/lt\/produktas\/armor-serijos-magsafe-deklas-samsung-galaxy-s26-ultra\/","title":{"rendered":"Armor MagSafe D\u0117klas \u2013 Samsung Galaxy S26 Ultra"},"content":{"rendered":"<p><strong>Personalizuotas d\u0117klas Samsung Galaxy S26 Ultra<\/strong><\/p>\n<p>Sukurk savo unikal\u0173 d\u0117kl\u0105 su KURKIS \u2013 \u012fkelk nuotrauk\u0105 arba pasirink dizain\u0105.<\/p>\n<ul>\n<li><strong>Prek\u0117s \u017eenklas:<\/strong> Samsung<\/li>\n<li><strong>Modelis:<\/strong> Samsung Galaxy S26 Ultra<\/li>\n<li><strong>D\u0117klo tipas: <\/strong>Sutvirtintas (Tough) \u201eMagSafe\u201c d\u0117klas<\/li>\n<li><strong>D\u0117klo spalva:<\/strong> Juoda<\/li>\n<li><strong>Spauda:<\/strong> Pilnas padengimas<\/li>\n<li><strong>Spaudos u\u017ebaigimas: <\/strong>Blizgus<\/li>\n<\/ul>\n<p>Auk\u0161tos kokyb\u0117s spauda ir tikslus prigludimas kasdienei apsaugai.<\/p>\n","protected":false},"excerpt":{"rendered":"<p>Individualaus dizaino d\u0117klas, skirtas \u201eSamsung Galaxy S26 Ultra\u201c: sutvirtintas (Tough) \u201eMagSafe\u201c tipo d\u0117klas, juodos spalvos, blizgiu pavir\u0161iumi ir pilnu spaudos padengimu. <\/p>\n","protected":false},"featured_media":4119,"comment_status":"open","ping_status":"closed","template":"","meta":[],"product_brand":[],"product_cat":[895,884],"product_tag":[984,976,1114,1198,983,1223],"class_list":{"0":"post-4117","1":"product","2":"type-product","3":"status-publish","4":"has-post-thumbnail","6":"product_cat-samsung","7":"product_cat-personalizuoti-telefono-deklai","8":"product_tag-blizgus","9":"product_tag-juodas","10":"product_tag-samsung","11":"product_tag-samsung-galaxy-s26-ultra","12":"product_tag-spauda-per-visa-pavirsiu","13":"product_tag-tvirtas-magsafe-deklas","15":"first","16":"instock","17":"shipping-taxable","18":"purchasable","19":"product-type-simple"},"_links":{"self":[{"href":"https:\/\/kurkis.eu\/lt\/wp-json\/wp\/v2\/product\/4117","targetHints":{"allow":["GET"]}}],"collection":[{"href":"https:\/\/kurkis.eu\/lt\/wp-json\/wp\/v2\/product"}],"about":[{"href":"https:\/\/kurkis.eu\/lt\/wp-json\/wp\/v2\/types\/product"}],"replies":[{"embeddable":true,"href":"https:\/\/kurkis.eu\/lt\/wp-json\/wp\/v2\/comments?post=4117"}],"wp:featuredmedia":[{"embeddable":true,"href":"https:\/\/kurkis.eu\/lt\/wp-json\/wp\/v2\/media\/4119"}],"wp:attachment":[{"href":"https:\/\/kurkis.eu\/lt\/wp-json\/wp\/v2\/media?parent=4117"}],"wp:term":[{"taxonomy":"product_brand","embeddable":true,"href":"https:\/\/kurkis.eu\/lt\/wp-json\/wp\/v2\/product_brand?post=4117"},{"taxonomy":"product_cat","embeddable":true,"href":"https:\/\/kurkis.eu\/lt\/wp-json\/wp\/v2\/product_cat?post=4117"},{"taxonomy":"product_tag","embeddable":true,"href":"https:\/\/kurkis.eu\/lt\/wp-json\/wp\/v2\/product_tag?post=4117"}],"curies":[{"name":"wp","href":"https:\/\/api.w.org\/{rel}","templated":true}]}}