{"id":4094,"date":"2026-01-28T13:28:52","date_gmt":"2026-01-28T11:28:52","guid":{"rendered":"https:\/\/kurkis.eu\/product\/ismanusis-deklas-smart-case-apple-ipad-air-2024-11-coliu\/"},"modified":"2026-03-04T12:43:01","modified_gmt":"2026-03-04T10:43:01","slug":"ismanusis-deklas-smart-case-apple-ipad-air-2024-11-coliu","status":"publish","type":"product","link":"https:\/\/kurkis.eu\/lt\/produktas\/ismanusis-deklas-smart-case-apple-ipad-air-2024-11-coliu\/","title":{"rendered":"Smart D\u0117klas \u2013 Apple iPad Air (2024) 11 coli\u0173"},"content":{"rendered":"<p><strong>Personalizuotas d\u0117klas, skirtas \u201eApple iPad Air (2024) 11 coli\u0173\u201c<\/strong><\/p>\n<p>Sukurk savo individual\u0173 d\u0117kl\u0105 su KURKIS \u2014 \u012fkelk nuotrauk\u0105 arba pasirink dizain\u0105.<\/p>\n<ul>\n<li><strong>Prek\u0117s \u017eenklas: <\/strong>Apple<\/li>\n<li>Modelis: Apple iPad Air (2024) 11 coli\u0173<\/li>\n<li>D\u0117klo tipas: I\u0161manusis d\u0117klas (Smart Case)<\/li>\n<li><strong>D\u0117klo spalva:<\/strong> Balta<\/li>\n<li>Spauda: Tik priekin\u0117je pus\u0117je<\/li>\n<li><strong>Spaudos u\u017ebaigimas: <\/strong>Matinis<\/li>\n<\/ul>\n<p>Auk\u0161tos kokyb\u0117s spauda ir tikslus prigludimas kasdienei apsaugai.<\/p>\n","protected":false},"excerpt":{"rendered":"<p>Individualaus dizaino d\u0117klas, skirtas \u201eApple iPad Air (2024) 11 inch\u201c: i\u0161manusis (Smart Case) tipo d\u0117klas, baltos spalvos, matiniu pavir\u0161iumi ir spauda ant priekinio dangtelio. <\/p>\n","protected":false},"featured_media":4096,"comment_status":"open","ping_status":"closed","template":"","meta":[],"product_brand":[],"product_cat":[898],"product_tag":[914,907,1634,1036,1216,985],"class_list":{"0":"post-4094","1":"product","2":"type-product","3":"status-publish","4":"has-post-thumbnail","6":"product_cat-personalizuoti-ipad-deklai","7":"product_tag-apple","8":"product_tag-apple-ipad-air-2024-11-inch","9":"product_tag-baltas","10":"product_tag-matinis","11":"product_tag-smart-deklas","12":"product_tag-spauda-ant-priekio","14":"first","15":"instock","16":"shipping-taxable","17":"purchasable","18":"product-type-simple"},"_links":{"self":[{"href":"https:\/\/kurkis.eu\/lt\/wp-json\/wp\/v2\/product\/4094","targetHints":{"allow":["GET"]}}],"collection":[{"href":"https:\/\/kurkis.eu\/lt\/wp-json\/wp\/v2\/product"}],"about":[{"href":"https:\/\/kurkis.eu\/lt\/wp-json\/wp\/v2\/types\/product"}],"replies":[{"embeddable":true,"href":"https:\/\/kurkis.eu\/lt\/wp-json\/wp\/v2\/comments?post=4094"}],"wp:featuredmedia":[{"embeddable":true,"href":"https:\/\/kurkis.eu\/lt\/wp-json\/wp\/v2\/media\/4096"}],"wp:attachment":[{"href":"https:\/\/kurkis.eu\/lt\/wp-json\/wp\/v2\/media?parent=4094"}],"wp:term":[{"taxonomy":"product_brand","embeddable":true,"href":"https:\/\/kurkis.eu\/lt\/wp-json\/wp\/v2\/product_brand?post=4094"},{"taxonomy":"product_cat","embeddable":true,"href":"https:\/\/kurkis.eu\/lt\/wp-json\/wp\/v2\/product_cat?post=4094"},{"taxonomy":"product_tag","embeddable":true,"href":"https:\/\/kurkis.eu\/lt\/wp-json\/wp\/v2\/product_tag?post=4094"}],"curies":[{"name":"wp","href":"https:\/\/api.w.org\/{rel}","templated":true}]}}