{"id":4072,"date":"2026-01-28T13:39:14","date_gmt":"2026-01-28T11:39:14","guid":{"rendered":"https:\/\/kurkis.eu\/product\/atverciamas-deklas-pinigine-pilna-spauda-samsung-galaxy-s25-edge\/"},"modified":"2026-03-04T12:43:00","modified_gmt":"2026-03-04T10:43:00","slug":"atverciamas-deklas-pinigine-pilna-spauda-samsung-galaxy-s25-edge","status":"publish","type":"product","link":"https:\/\/kurkis.eu\/lt\/produktas\/atverciamas-deklas-pinigine-pilna-spauda-samsung-galaxy-s25-edge\/","title":{"rendered":"Wallet D\u0117klas \u2013 Pilna spauda \u2013 Samsung Galaxy S25 Edge"},"content":{"rendered":"<p><strong>Personalizuotas d\u0117klas, skirtas Samsung Galaxy S25 Edge<\/strong><\/p>\n<p>Sukurk savo unikal\u0173 d\u0117kl\u0105 su KURKIS \u2014 \u012fkelk nuotrauk\u0105 arba pasirink dizain\u0105.<\/p>\n<ul>\n<li><strong>Prek\u0117s \u017eenklas:<\/strong> Samsung<\/li>\n<li><strong>Prek\u0117s \u017eenklas:<\/strong> Samsung<\/li>\n<li><strong>D\u0117klo tipas: <\/strong>Atver\u010diamas d\u0117klas (pinigin\u0117)<\/li>\n<li><strong>D\u0117klo spalva:<\/strong> Balta<\/li>\n<li><strong>Spauda: <\/strong>Pilnas padengimas<\/li>\n<li><strong>Spaudos u\u017ebaigimas: <\/strong>Matinis<\/li>\n<\/ul>\n<p>Auk\u0161tos kokyb\u0117s spauda ir tikslus prigludimas kasdienei apsaugai.<\/p>\n","protected":false},"excerpt":{"rendered":"<p>Individualaus dizaino d\u0117klas, skirtas \u201eSamsung Galaxy S25 Edge\u201c: atver\u010diamas \u201epinigin\u0117s\u201c tipo d\u0117klas, baltos spalvos, matiniu pavir\u0161iumi ir pilnu spaudos padengimu per vis\u0105 i\u0161or\u0119. <\/p>\n","protected":false},"featured_media":4074,"comment_status":"open","ping_status":"closed","template":"","meta":[],"product_brand":[],"product_cat":[895,884],"product_tag":[1634,1226,1036,1114,1194,983],"class_list":{"0":"post-4072","1":"product","2":"type-product","3":"status-publish","4":"has-post-thumbnail","6":"product_cat-samsung","7":"product_cat-personalizuoti-telefono-deklai","8":"product_tag-baltas","9":"product_tag-deklas-pinigine","10":"product_tag-matinis","11":"product_tag-samsung","12":"product_tag-samsung-galaxy-s25-edge","13":"product_tag-spauda-per-visa-pavirsiu","15":"first","16":"instock","17":"shipping-taxable","18":"purchasable","19":"product-type-simple"},"_links":{"self":[{"href":"https:\/\/kurkis.eu\/lt\/wp-json\/wp\/v2\/product\/4072","targetHints":{"allow":["GET"]}}],"collection":[{"href":"https:\/\/kurkis.eu\/lt\/wp-json\/wp\/v2\/product"}],"about":[{"href":"https:\/\/kurkis.eu\/lt\/wp-json\/wp\/v2\/types\/product"}],"replies":[{"embeddable":true,"href":"https:\/\/kurkis.eu\/lt\/wp-json\/wp\/v2\/comments?post=4072"}],"wp:featuredmedia":[{"embeddable":true,"href":"https:\/\/kurkis.eu\/lt\/wp-json\/wp\/v2\/media\/4074"}],"wp:attachment":[{"href":"https:\/\/kurkis.eu\/lt\/wp-json\/wp\/v2\/media?parent=4072"}],"wp:term":[{"taxonomy":"product_brand","embeddable":true,"href":"https:\/\/kurkis.eu\/lt\/wp-json\/wp\/v2\/product_brand?post=4072"},{"taxonomy":"product_cat","embeddable":true,"href":"https:\/\/kurkis.eu\/lt\/wp-json\/wp\/v2\/product_cat?post=4072"},{"taxonomy":"product_tag","embeddable":true,"href":"https:\/\/kurkis.eu\/lt\/wp-json\/wp\/v2\/product_tag?post=4072"}],"curies":[{"name":"wp","href":"https:\/\/api.w.org\/{rel}","templated":true}]}}