{"id":734,"date":"2025-12-15T15:48:35","date_gmt":"2025-12-15T13:48:35","guid":{"rendered":"https:\/\/kurkis.eu\/tvarumas\/"},"modified":"2026-01-21T14:15:44","modified_gmt":"2026-01-21T12:15:44","slug":"tvarumas","status":"publish","type":"page","link":"https:\/\/kurkis.eu\/lt\/tvarumas\/","title":{"rendered":"Tvarumas"},"content":{"rendered":"\n\n\t<section class=\"section\" id=\"section_173147067\">\n\t\t<div class=\"section-bg fill\" >\n\t\t\t\t\t\t\t\t\t\n\t\t\t\n\n\t\t<\/div>\n\n\t\t\n\n\t\t<div class=\"section-content relative\">\n\t\t\t\n\n\t<div class=\"img has-hover x md-x lg-x y md-y lg-y\" id=\"image_568594347\">\n\t\t\t\t\t\t\t\t<div class=\"img-inner dark\" >\n\t\t\t<img decoding=\"async\" width=\"1020\" height=\"557\" src=\"https:\/\/kurkis.eu\/wp-content\/uploads\/2025\/12\/KURKIS-by-You-sustainability-1400x764.png\" class=\"attachment-large size-large\" alt=\"KURKIS by You tvarus d\u0117klas\" srcset=\"https:\/\/kurkis.eu\/wp-content\/uploads\/2025\/12\/KURKIS-by-You-sustainability-1400x764.png 1400w, https:\/\/kurkis.eu\/wp-content\/uploads\/2025\/12\/KURKIS-by-You-sustainability-scaled-510x278.png 510w, https:\/\/kurkis.eu\/wp-content\/uploads\/2025\/12\/KURKIS-by-You-sustainability-733x400.png 733w, https:\/\/kurkis.eu\/wp-content\/uploads\/2025\/12\/KURKIS-by-You-sustainability-768x419.png 768w, https:\/\/kurkis.eu\/wp-content\/uploads\/2025\/12\/KURKIS-by-You-sustainability-1536x838.png 1536w, https:\/\/kurkis.eu\/wp-content\/uploads\/2025\/12\/KURKIS-by-You-sustainability-2048x1117.png 2048w\" sizes=\"(max-width: 1020px) 100vw, 1020px\" \/>\t\t\t\t\t\t\n\t\t\t\t\t<\/div>\n\t\t\t\t\t\t\t\t\n<style>\n#image_568594347 {\n  width: 100%;\n}\n<\/style>\n\t<\/div>\n\t\n\n\n\t\t<\/div>\n\n\t\t\n<style>\n#section_173147067 {\n  padding-top: 30px;\n  padding-bottom: 30px;\n}\n<\/style>\n\t<\/section>\n\t\n<h3 data-path-to-node=\"2\"><b>Sukurta Jums, o ne s\u0105vartynui. <\/b><\/h3>\n<p data-path-to-node=\"3\">Problema: Industrijos standartas \u2013 pagaminti 100 000 d\u0117kl\u0173 i\u0161 anksto, bandant atsp\u0117ti, kokios tendencijos \u201eprilips\u201c. Kai mados pasikei\u010dia, t\u016bkstan\u010diai neparduot\u0173 d\u0117kl\u0173 tiesiog i\u0161metami. Mes atsisakome dalyvauti \u0161iame \u017eaidime.  <\/p>\n<p data-path-to-node=\"4\">\u201eKURKIS\u201c vertina ne tik k\u016brybi\u0161kum\u0105, bet ir m\u016bs\u0173 planet\u0105. B\u016btent tod\u0117l esame tvirtai \u012fsipareigoj\u0119 ma\u017einti atliek\u0173 kiek\u012f. <\/p>\n<p data-path-to-node=\"5\">Norint sukurti tobul\u0105 d\u0117kl\u0105, mums reikia J\u016bs\u0173 pagalbos. Tik Jums pateikus u\u017esakym\u0105, mes imam\u0117s darbo. Pagaminame vien\u0105, auk\u0161\u010diausios kokyb\u0117s d\u0117kl\u0105 konkre\u010diai J\u016bs\u0173 telefonui ir J\u016bs\u0173 stiliui. Tai rei\u0161kia jokio sand\u0117lio pertekliaus, joki\u0173 sp\u0117lioni\u0173 ir joki\u0173 beprasmi\u0173 atliek\u0173.   <\/p>\n<p data-path-to-node=\"6\"><b>Unikalus. Vienetinis. Toks pat, kaip J\u016bs.  <\/b><\/p>\n\n\n<p><\/p>\n","protected":false},"excerpt":{"rendered":"","protected":false},"author":1,"featured_media":628,"parent":0,"menu_order":0,"comment_status":"closed","ping_status":"closed","template":"","meta":{"footnotes":""},"class_list":["post-734","page","type-page","status-publish","has-post-thumbnail","hentry"],"_hostinger_reach_plugin_has_subscription_block":false,"_hostinger_reach_plugin_is_elementor":false,"_links":{"self":[{"href":"https:\/\/kurkis.eu\/lt\/wp-json\/wp\/v2\/pages\/734","targetHints":{"allow":["GET"]}}],"collection":[{"href":"https:\/\/kurkis.eu\/lt\/wp-json\/wp\/v2\/pages"}],"about":[{"href":"https:\/\/kurkis.eu\/lt\/wp-json\/wp\/v2\/types\/page"}],"author":[{"embeddable":true,"href":"https:\/\/kurkis.eu\/lt\/wp-json\/wp\/v2\/users\/1"}],"replies":[{"embeddable":true,"href":"https:\/\/kurkis.eu\/lt\/wp-json\/wp\/v2\/comments?post=734"}],"version-history":[{"count":5,"href":"https:\/\/kurkis.eu\/lt\/wp-json\/wp\/v2\/pages\/734\/revisions"}],"predecessor-version":[{"id":772,"href":"https:\/\/kurkis.eu\/lt\/wp-json\/wp\/v2\/pages\/734\/revisions\/772"}],"wp:featuredmedia":[{"embeddable":true,"href":"https:\/\/kurkis.eu\/lt\/wp-json\/wp\/v2\/media\/628"}],"wp:attachment":[{"href":"https:\/\/kurkis.eu\/lt\/wp-json\/wp\/v2\/media?parent=734"}],"curies":[{"name":"wp","href":"https:\/\/api.w.org\/{rel}","templated":true}]}}