{"id":666,"date":"2013-08-11T19:06:15","date_gmt":"2013-08-11T17:06:15","guid":{"rendered":"https:\/\/kurkis.eu\/apie\/"},"modified":"2025-12-20T21:56:21","modified_gmt":"2025-12-20T19:56:21","slug":"apie","status":"publish","type":"page","link":"https:\/\/kurkis.eu\/lt\/apie\/","title":{"rendered":"Apie"},"content":{"rendered":"\n\n  <div class=\"banner has-hover has-parallax\" id=\"banner-1709244998\">\n          <div class=\"banner-inner fill\">\n        <div class=\"banner-bg fill\" data-parallax=\"-3\" data-parallax-container=\".banner\" data-parallax-background>\n            <img decoding=\"async\" width=\"1020\" height=\"569\" src=\"https:\/\/kurkis.eu\/wp-content\/uploads\/2025\/12\/KURKIS-hand-crafting-1400x781.webp\" class=\"bg attachment-large size-large\" alt=\"KURKIS by You unikalus telefono d\u0117klas\" \/>                        <div class=\"overlay\"><\/div>            \n                    <\/div>\n\t\t\n        <div class=\"banner-layers container\">\n            <div class=\"fill banner-link\"><\/div>            \n\n\n        <\/div>\n      <\/div>\n\n            \n<style>\n#banner-1709244998 {\n  padding-top: 507px;\n}\n#banner-1709244998 .overlay {\n  background-color: rgba(0, 0, 0, 0.49);\n}\n<\/style>\n  <\/div>\n\n\n<div class=\"row\"  id=\"row-1132454937\">\n\n\n\t<div id=\"col-1662565166\" class=\"col small-12 large-12\"  >\n\t\t\t\t<div class=\"col-inner\"  >\n\t\t\t\n\t\t\t\n\n\t<div id=\"text-1811619227\" class=\"text\">\n\t\t\n\n<h2>Apie mus: KURKIS by You<\/h2>\n<p data-path-to-node=\"4\"> <\/p>\n<h3>Mes nesamdome dizaineri\u0173. Geriausi k\u016br\u0117jai esate J\u016bs. <\/h3>\n<p data-path-to-node=\"5\">\u201eKURKIS by You\u201c vadovaujasi kitokia filosofija. Tikime, kad pasauliui nereikia dar vieno prek\u0117s \u017eenklo, nurodin\u0117jan\u010dio, kas yra stilinga ar madinga. J\u016bs patys geriausiai \u017einote, kas Jums patinka.  <\/p>\n<p data-path-to-node=\"6\">Mes suteikiame drob\u0119, o men\u0105 sukuriate J\u016bs.<\/p>\n\t\t\n<style>\n#text-1811619227 {\n  text-align: center;\n}\n<\/style>\n\t<\/div>\n\t\n<div class=\"text-center\"><div class=\"is-divider divider clearfix\" ><\/div><\/div>\n\n<div class=\"video video-fit mb\" style=\"padding-top:56.25%;\"><iframe loading=\"lazy\" title=\"Telefono d\u0117kliukas per 2 minutes \u2013 taip greitai dar nebuvo! \ud83d\udd25 | KURKIS by You #smartphone #phonecase\" width=\"563\" height=\"1000\" src=\"https:\/\/www.youtube.com\/embed\/CEkUfpJJ4Wg?feature=oembed\" frameborder=\"0\" allow=\"accelerometer; autoplay; clipboard-write; encrypted-media; gyroscope; picture-in-picture; web-share\" referrerpolicy=\"strict-origin-when-cross-origin\" allowfullscreen><\/iframe><\/div>\n\n\n\t\t<\/div>\n\t\t\t\t\t<\/div>\n\n\t\n\n\t<div id=\"col-1728062262\" class=\"col medium-6 small-12 large-6\"  >\n\t\t\t\t<div class=\"col-inner\"  >\n\t\t\t\n\t\t\t\n\n\t<div id=\"text-666504892\" class=\"text\">\n\t\t\n\n<h3>Nuo prekybos centro iki j\u016bs\u0173 ki\u0161en\u0117s<\/h3>\n<p data-path-to-node=\"8\">M\u016bs\u0173 istorija prasid\u0117jo \u010dia pat, Lietuvoje, \u0161urmuliuojan\u010diuose prekybos centr\u0173 koridoriuose. Startavome su interaktyvi\u0173 automat\u0173 tinklu, suteikdami praeiviams unikali\u0105 galimyb\u0119: stabtel\u0117ti, susikurti ir vos per kelias minutes atsispausdinti vienetin\u012f telefono d\u0117kl\u0105. <\/p>\n<p data-path-to-node=\"9\">Mat\u0117me, kaip paprastas nuotraukas paver\u010diate prisiminimais, o tik saviems suprantamus juokelius \u2013 stilingais aksesuarais. Susidom\u0117jimas buvo mil\u017eini\u0161kas. Ta\u010diau supratome, kad k\u016brybi\u0161kumo neturi riboti nei darbo laikas, nei vieta.  <\/p>\n<p data-path-to-node=\"10\"><b>\u0160iandien \u201eKURKIS by You\u201c yra visur kartu su Jumis.<\/b> Perk\u0117l\u0117me automat\u0173 teikiam\u0105 momentin\u012f d\u017eiaugsm\u0105 ir greit\u012f \u012f internet\u0105. Dabar savo tobul\u0105 d\u0117kl\u0105 galite susikurti tiesiog s\u0117d\u0117dami ant sofos, biure ar keliaudami. <\/p>\n\t\t\n<style>\n#text-666504892 {\n  text-align: center;\n}\n<\/style>\n\t<\/div>\n\t\n\t<div class=\"img has-hover x md-x lg-x y md-y lg-y\" id=\"image_1907117706\">\n\t\t\t\t\t\t\t\t<div class=\"img-inner dark\" >\n\t\t\t<img decoding=\"async\" width=\"1020\" height=\"570\" src=\"https:\/\/kurkis.eu\/wp-content\/uploads\/2025\/12\/KURKIS-by_You-dog-case-1400x782.webp\" class=\"attachment-large size-large\" alt=\"KURKIS by You telefono d\u0117klas su augintiniu\" srcset=\"https:\/\/kurkis.eu\/wp-content\/uploads\/2025\/12\/KURKIS-by_You-dog-case-1400x782.webp 1400w, https:\/\/kurkis.eu\/wp-content\/uploads\/2025\/12\/KURKIS-by_You-dog-case-510x285.webp 510w, https:\/\/kurkis.eu\/wp-content\/uploads\/2025\/12\/KURKIS-by_You-dog-case-716x400.webp 716w, https:\/\/kurkis.eu\/wp-content\/uploads\/2025\/12\/KURKIS-by_You-dog-case-768x429.webp 768w, https:\/\/kurkis.eu\/wp-content\/uploads\/2025\/12\/KURKIS-by_You-dog-case.webp 1432w\" sizes=\"(max-width: 1020px) 100vw, 1020px\" \/>\t\t\t\t\t\t\n\t\t\t\t\t<\/div>\n\t\t\t\t\t\t\t\t\n<style>\n#image_1907117706 {\n  width: 100%;\n}\n<\/style>\n\t<\/div>\n\t\n\n\n\t\t<\/div>\n\t\t\t\t\t<\/div>\n\n\t\n\n\t<div id=\"col-336270181\" class=\"col medium-6 small-12 large-6\"  >\n\t\t\t\t<div class=\"col-inner\"  >\n\t\t\t\n\t\t\t\n\n\t<div id=\"text-1749365925\" class=\"text\">\n\t\t\n\n<h3 style=\"text-align: center;\">Kas slypi pavadinime?<\/h3>\n<p data-path-to-node=\"12\">Pavadinimas \u201eKURKIS\u201c kil\u0119s i\u0161 lietuvi\u0161ko \u017eod\u017eio \u201ekurti\u201c.<\/p>\n<ul data-path-to-node=\"13\">\n<li>\n<p data-path-to-node=\"13,0,0\">Kurkis: Procesas, kai gimsta ka\u017ekas naujo.<\/p>\n<\/li>\n<li>\n<p data-path-to-node=\"13,1,0\">By You (J\u016bs): Svarbiausias ingredientas.<\/p>\n<\/li>\n<\/ul>\n<p data-path-to-node=\"14\">Be J\u016bs\u0173 m\u016bs\u0173 d\u0117klai \u2013 tiesiog kokybi\u0161ka apsauga. Kartu su Jumis jie tampa J\u016bs\u0173 asmeninio stiliaus i\u0161rai\u0161ka.<\/p>\n<p data-path-to-node=\"17,2,0\"> <\/p>\n\t\t\n<style>\n#text-1749365925 {\n  text-align: center;\n}\n<\/style>\n\t<\/div>\n\t\n\t<div id=\"gap-1206466050\" class=\"gap-element clearfix hide-for-small\" style=\"display:block; height:auto;\">\n\t\t\n<style>\n#gap-1206466050 {\n  padding-top: 30px;\n}\n<\/style>\n\t<\/div>\n\t\n\n\t<div id=\"gap-1132197044\" class=\"gap-element clearfix hide-for-small\" style=\"display:block; height:auto;\">\n\t\t\n<style>\n#gap-1132197044 {\n  padding-top: 30px;\n}\n<\/style>\n\t<\/div>\n\t\n\n\t<div id=\"gap-842178981\" class=\"gap-element clearfix hide-for-small\" style=\"display:block; height:auto;\">\n\t\t\n<style>\n#gap-842178981 {\n  padding-top: 30px;\n}\n<\/style>\n\t<\/div>\n\t\n\n\t<div id=\"gap-476229786\" class=\"gap-element clearfix hide-for-small\" style=\"display:block; height:auto;\">\n\t\t\n<style>\n#gap-476229786 {\n  padding-top: 30px;\n}\n<\/style>\n\t<\/div>\n\t\n\n\t<div id=\"text-1271369446\" class=\"text\">\n\t\t\n\n<h3 style=\"text-align: center;\">M\u016bs\u0173 pa\u017eadas<\/h3>\n<p data-path-to-node=\"16\">J\u016bs r\u016bpinat\u0117s k\u016bryba, o mes garantuojame kokyb\u0119.<\/p>\n<ul data-path-to-node=\"17\">\n<li>\n<p data-path-to-node=\"17,0,0\">Patikima apsauga: Naudojame patvarias, sm\u016bgius sugerian\u010dias med\u017eiagas, kad j\u016bs\u0173 telefonas b\u016bt\u0173 saugus.<\/p>\n<\/li>\n<li>\n<p data-path-to-node=\"17,1,0\">Ry\u0161ki spauda: Technologija, u\u017etikrinanti, kad nuotraukos ant d\u0117klo atrodyt\u0173 taip pat ry\u0161kiai, kaip ir telefono ekrane.<\/p>\n<\/li>\n<li>\n<p data-path-to-node=\"17,2,0\">Visi\u0161ka laisv\u0117: Joki\u0173 nekoreguojam\u0173 \u0161ablon\u0173. Joki\u0173 rib\u0173. <\/p>\n<\/li>\n<\/ul>\n<p data-path-to-node=\"17,2,0\"> <\/p>\n\t\t\n<style>\n#text-1271369446 {\n  text-align: center;\n}\n<\/style>\n\t<\/div>\n\t\n\n\t\t<\/div>\n\t\t\t\t\t<\/div>\n\n\t\n\n\t<div id=\"col-410955237\" class=\"col small-12 large-12\"  >\n\t\t\t\t<div class=\"col-inner\"  >\n\t\t\t\n\t\t\t\n\n<div class=\"row align-middle\"  id=\"row-1792428481\">\n\n\n\t<div id=\"col-44837237\" class=\"col medium-6 small-12 large-6\"  >\n\t\t\t\t<div class=\"col-inner\"  >\n\t\t\t\n\t\t\t\n\n<blockquote>\n<h3>Prisijunkite prie m\u016bs\u0173<\/h3>\n<p data-path-to-node=\"19\">Nesvarbu, ar mus atradote prekybos centre prie automato, ar \u010dia \u2013 internete. Sveiki atvyk\u0119! Nekantraujame pamatyti, k\u0105 sukursite. <\/p>\n<p data-path-to-node=\"20\"><b>J\u016bs\u0173 telefonas. J\u016bs\u0173 istorija. \u201eKURKIS by You\u201c komanda.  <\/b><\/p>\n<\/blockquote>\n\n\t\t<\/div>\n\t\t\t\t\t<\/div>\n\n\t\n\n\t<div id=\"col-1037191650\" class=\"col medium-6 small-12 large-6\"  >\n\t\t\t\t<div class=\"col-inner\"  >\n\t\t\t\n\t\t\t\n\n\t<div class=\"img has-hover x md-x lg-x y md-y lg-y\" id=\"image_86533761\">\n\t\t\t\t\t\t\t\t<div class=\"img-inner dark\" >\n\t\t\t<img decoding=\"async\" width=\"1020\" height=\"574\" src=\"https:\/\/kurkis.eu\/wp-content\/uploads\/2025\/11\/Instant-phone-case-printing-vending-machine-1400x788.webp\" class=\"attachment-large size-large\" alt=\"Modernus savitarnos automatas prekybos centre, skirtas momentinei telefono d\u0117kl\u0173 gamybai ir nuotrauk\u0173 spausdinimui.\" srcset=\"https:\/\/kurkis.eu\/wp-content\/uploads\/2025\/11\/Instant-phone-case-printing-vending-machine-1400x788.webp 1400w, https:\/\/kurkis.eu\/wp-content\/uploads\/2025\/11\/Instant-phone-case-printing-vending-machine-510x287.webp 510w, https:\/\/kurkis.eu\/wp-content\/uploads\/2025\/11\/Instant-phone-case-printing-vending-machine-711x400.webp 711w, https:\/\/kurkis.eu\/wp-content\/uploads\/2025\/11\/Instant-phone-case-printing-vending-machine-768x432.webp 768w, https:\/\/kurkis.eu\/wp-content\/uploads\/2025\/11\/Instant-phone-case-printing-vending-machine-1536x864.webp 1536w, https:\/\/kurkis.eu\/wp-content\/uploads\/2025\/11\/Instant-phone-case-printing-vending-machine.webp 1920w\" sizes=\"(max-width: 1020px) 100vw, 1020px\" \/>\t\t\t\t\t\t\n\t\t\t\t\t<\/div>\n\t\t\t\t\t\t\t\t\n<style>\n#image_86533761 {\n  width: 100%;\n}\n<\/style>\n\t<\/div>\n\t\n\n\n\t\t<\/div>\n\t\t\t\t\t<\/div>\n\n\t\n\n<\/div>\n\n\t\t<\/div>\n\t\t\t\t\t<\/div>\n\n\t\n\n<\/div>\n\n","protected":false},"excerpt":{"rendered":"","protected":false},"author":1,"featured_media":636,"parent":0,"menu_order":0,"comment_status":"closed","ping_status":"closed","template":"page-transparent-header-light.php","meta":{"footnotes":""},"class_list":["post-666","page","type-page","status-publish","has-post-thumbnail","hentry"],"_hostinger_reach_plugin_has_subscription_block":false,"_hostinger_reach_plugin_is_elementor":false,"_links":{"self":[{"href":"https:\/\/kurkis.eu\/lt\/wp-json\/wp\/v2\/pages\/666","targetHints":{"allow":["GET"]}}],"collection":[{"href":"https:\/\/kurkis.eu\/lt\/wp-json\/wp\/v2\/pages"}],"about":[{"href":"https:\/\/kurkis.eu\/lt\/wp-json\/wp\/v2\/types\/page"}],"author":[{"embeddable":true,"href":"https:\/\/kurkis.eu\/lt\/wp-json\/wp\/v2\/users\/1"}],"replies":[{"embeddable":true,"href":"https:\/\/kurkis.eu\/lt\/wp-json\/wp\/v2\/comments?post=666"}],"version-history":[{"count":6,"href":"https:\/\/kurkis.eu\/lt\/wp-json\/wp\/v2\/pages\/666\/revisions"}],"predecessor-version":[{"id":675,"href":"https:\/\/kurkis.eu\/lt\/wp-json\/wp\/v2\/pages\/666\/revisions\/675"}],"wp:featuredmedia":[{"embeddable":true,"href":"https:\/\/kurkis.eu\/lt\/wp-json\/wp\/v2\/media\/636"}],"wp:attachment":[{"href":"https:\/\/kurkis.eu\/lt\/wp-json\/wp\/v2\/media?parent=666"}],"curies":[{"name":"wp","href":"https:\/\/api.w.org\/{rel}","templated":true}]}}