{"id":655,"date":"2013-08-11T20:13:42","date_gmt":"2013-08-11T18:13:42","guid":{"rendered":"https:\/\/kurkis.eu\/duk\/"},"modified":"2026-03-09T11:42:09","modified_gmt":"2026-03-09T09:42:09","slug":"duk","status":"publish","type":"page","link":"https:\/\/kurkis.eu\/lt\/duk\/","title":{"rendered":"DUK"},"content":{"rendered":"\n<h3 data-start=\"333\" data-end=\"359\">Viskas, k\u0105 reikia \u017einoti apie unikalaus d\u0117klo k\u016brim\u0105.<\/h3>\n<div class=\"row\"  id=\"row-2129210303\">\n\n\n\t<div id=\"col-1163070333\" class=\"col small-12 large-12\"  >\n\t\t\t\t<div class=\"col-inner\"  >\n\t\t\t\n\t\t\t\n\n<div class=\"accordion\">\n\n\t<div id=\"accordion-959472450\" class=\"accordion-item\">\n\t\t<a id=\"accordion-959472450-label\" class=\"accordion-title plain\" href=\"#accordion-item-kaip-vyksta-k\u016brimo-procesas?\" aria-expanded=\"false\" aria-controls=\"accordion-959472450-content\">\n\t\t\t<button class=\"toggle\" aria-label=\"Toggle\"><i class=\"icon-angle-down\" aria-hidden=\"true\"><\/i><\/button>\n\t\t\t<span>Kaip vyksta k\u016brimo procesas?<\/span>\n\t\t<\/a>\n\t\t<div id=\"accordion-959472450-content\" class=\"accordion-inner\" aria-labelledby=\"accordion-959472450-label\">\n\t\t\t\n\n<p>Tai paprasta ir greita! Prisijungiate prie automato (da\u017eniausiai nuskenav\u0119 QR kod\u0105), \u012fkeliate m\u0117gstam\u0105 nuotrauk\u0105 arba pasirenkate dizain\u0105, sureguliuojate ir patvirtinate. Automatas atspausdina J\u016bs\u0173 kokybi\u0161k\u0105 d\u0117kl\u0105 tiesiai prie\u0161 J\u016bs\u0173 akis.  <\/p>\n\n\t\t<\/div>\n\t<\/div>\n\t\n\t<div id=\"accordion-4189340559\" class=\"accordion-item\">\n\t\t<a id=\"accordion-4189340559-label\" class=\"accordion-title plain\" href=\"#accordion-item-kiek-u\u017etrunka-d\u0117klo-gamyba?\" aria-expanded=\"false\" aria-controls=\"accordion-4189340559-content\">\n\t\t\t<button class=\"toggle\" aria-label=\"Toggle\"><i class=\"icon-angle-down\" aria-hidden=\"true\"><\/i><\/button>\n\t\t\t<span>Kiek u\u017etrunka d\u0117klo gamyba?<\/span>\n\t\t<\/a>\n\t\t<div id=\"accordion-4189340559-content\" class=\"accordion-inner\" aria-labelledby=\"accordion-4189340559-label\">\n\t\t\t\n\n<p>M\u016bs\u0173 pa\u017eangi technologija pagamina visi\u0161kai paruo\u0161t\u0105 naudojimui d\u0117kl\u0105 vos per 2 minutes.<\/p>\n\n\t\t<\/div>\n\t<\/div>\n\t\n\t<div id=\"accordion-4276045846\" class=\"accordion-item\">\n\t\t<a id=\"accordion-4276045846-label\" class=\"accordion-title plain\" href=\"#accordion-item-kokiems-modeliams-turite-d\u0117kl\u0173?\" aria-expanded=\"false\" aria-controls=\"accordion-4276045846-content\">\n\t\t\t<button class=\"toggle\" aria-label=\"Toggle\"><i class=\"icon-angle-down\" aria-hidden=\"true\"><\/i><\/button>\n\t\t\t<span>Kokiems modeliams turite d\u0117kl\u0173?<\/span>\n\t\t<\/a>\n\t\t<div id=\"accordion-4276045846-content\" class=\"accordion-inner\" aria-labelledby=\"accordion-4276045846-label\">\n\t\t\t\n\n<p data-path-to-node=\"11\">Turime d\u0117kl\u0173 daugumai populiariausi\u0173 modeli\u0173, \u012fskaitant naujausias versijas:<\/p>\n<ul data-path-to-node=\"12\">\n<li>\n<p data-path-to-node=\"12,0,0\"><b>Apple iPhone<\/b><\/p>\n<\/li>\n<li>\n<p data-path-to-node=\"12,1,0\"><b>Samsung Galaxy<\/b><\/p>\n<\/li>\n<li>\n<p data-path-to-node=\"12,2,0\"><b>Xiaomi<\/b><\/p>\n<\/li>\n<li><b>Redmi Note<\/b><\/li>\n<\/ul>\n<p><i>(Pastaba: Konkre\u010di\u0173 modeli\u0173 liku\u010diai priklauso nuo automato vietos).<\/i><\/p>\n\n\t\t<\/div>\n\t<\/div>\n\t\n\t<div id=\"accordion-4015151606\" class=\"accordion-item\">\n\t\t<a id=\"accordion-4015151606-label\" class=\"accordion-title plain\" href=\"#accordion-item-ar-galiu-naudoti-savo-nuotraukas?\" aria-expanded=\"false\" aria-controls=\"accordion-4015151606-content\">\n\t\t\t<button class=\"toggle\" aria-label=\"Toggle\"><i class=\"icon-angle-down\" aria-hidden=\"true\"><\/i><\/button>\n\t\t\t<span>Ar galiu naudoti savo nuotraukas?<\/span>\n\t\t<\/a>\n\t\t<div id=\"accordion-4015151606-content\" class=\"accordion-inner\" aria-labelledby=\"accordion-4015151606-label\">\n\t\t\t\n\n<p data-path-to-node=\"11\">\u017dinoma! Galite \u012fkelti nuotraukas tiesiai i\u0161 savo telefono ir sukurti 100 % unikal\u0173 d\u0117kl\u0105 \u2013 nesvarbu, ar tai augintinis, atostog\u0173 akimirka ar J\u016bs\u0173 menas. <\/p>\n\n\t\t<\/div>\n\t<\/div>\n\t\n\t<div id=\"accordion-3642936582\" class=\"accordion-item\">\n\t\t<a id=\"accordion-3642936582-label\" class=\"accordion-title plain\" href=\"#accordion-item-ar-spauda-ilgaam\u017e\u0117?\" aria-expanded=\"false\" aria-controls=\"accordion-3642936582-content\">\n\t\t\t<button class=\"toggle\" aria-label=\"Toggle\"><i class=\"icon-angle-down\" aria-hidden=\"true\"><\/i><\/button>\n\t\t\t<span>Ar spauda ilgaam\u017e\u0117?<\/span>\n\t\t<\/a>\n\t\t<div id=\"accordion-3642936582-content\" class=\"accordion-inner\" aria-labelledby=\"accordion-3642936582-label\">\n\t\t\t\n\n<p data-path-to-node=\"16\">Taip. Naudojame auk\u0161tos kokyb\u0117s UV technologijos da\u017eus, kurie atspar\u016bs \u012fbr\u0117\u017eimams ir ilgaam\u017eiai. Patys d\u0117klai yra tvirti ir patikimai apsaugo \u012frengin\u012f.  <\/p>\n\n\t\t<\/div>\n\t<\/div>\n\t\n\t<div id=\"accordion-2672095791\" class=\"accordion-item\">\n\t\t<a id=\"accordion-2672095791-label\" class=\"accordion-title plain\" href=\"#accordion-item-kaip-galima-atsiskaityti?\" aria-expanded=\"false\" aria-controls=\"accordion-2672095791-content\">\n\t\t\t<button class=\"toggle\" aria-label=\"Toggle\"><i class=\"icon-angle-down\" aria-hidden=\"true\"><\/i><\/button>\n\t\t\t<span>Kaip galima atsiskaityti?<\/span>\n\t\t<\/a>\n\t\t<div id=\"accordion-2672095791-content\" class=\"accordion-inner\" aria-labelledby=\"accordion-2672095791-label\">\n\t\t\t\n\n<p data-path-to-node=\"11\">M\u016bs\u0173 automatuose galite atsiskaityti bekontak\u010diu b\u016bdu (mok\u0117jimo kortele, \u201eApple Pay\u201c, \u201eGoogle Pay\u201c). <\/p>\n\n\t\t<\/div>\n\t<\/div>\n\t\n\t<div id=\"accordion-3610403200\" class=\"accordion-item\">\n\t\t<a id=\"accordion-3610403200-label\" class=\"accordion-title plain\" href=\"#accordion-item-ar-galiu-gr\u0105\u017einti-d\u0117kl\u0105?\" aria-expanded=\"false\" aria-controls=\"accordion-3610403200-content\">\n\t\t\t<button class=\"toggle\" aria-label=\"Toggle\"><i class=\"icon-angle-down\" aria-hidden=\"true\"><\/i><\/button>\n\t\t\t<span>Ar galiu gr\u0105\u017einti d\u0117kl\u0105?<\/span>\n\t\t<\/a>\n\t\t<div id=\"accordion-3610403200-content\" class=\"accordion-inner\" aria-labelledby=\"accordion-3610403200-label\">\n\t\t\t\n\n<p data-path-to-node=\"11\">Kadangi kiekvienas d\u0117klas gaminamas individualiai Jums, negalime priimti gr\u0105\u017einim\u0173, jei tiesiog apsigalvojote. Ta\u010diau jei \u012fvyko technin\u0117 spausdinimo klaida arba d\u0117klas turi defekt\u0105, nedelsdami susisiekite su mumis ir mes i\u0161spr\u0119sime problem\u0105. <\/p>\n\n\t\t<\/div>\n\t<\/div>\n\t\n\n<\/div>\n\n\t\t<\/div>\n\t\t\t\t\t<\/div>\n\n\t\n\n<\/div>\n\n","protected":false},"excerpt":{"rendered":"","protected":false},"author":1,"featured_media":0,"parent":0,"menu_order":0,"comment_status":"closed","ping_status":"closed","template":"","meta":{"footnotes":""},"class_list":["post-655","page","type-page","status-publish","hentry"],"_hostinger_reach_plugin_has_subscription_block":false,"_hostinger_reach_plugin_is_elementor":false,"_links":{"self":[{"href":"https:\/\/kurkis.eu\/lt\/wp-json\/wp\/v2\/pages\/655","targetHints":{"allow":["GET"]}}],"collection":[{"href":"https:\/\/kurkis.eu\/lt\/wp-json\/wp\/v2\/pages"}],"about":[{"href":"https:\/\/kurkis.eu\/lt\/wp-json\/wp\/v2\/types\/page"}],"author":[{"embeddable":true,"href":"https:\/\/kurkis.eu\/lt\/wp-json\/wp\/v2\/users\/1"}],"replies":[{"embeddable":true,"href":"https:\/\/kurkis.eu\/lt\/wp-json\/wp\/v2\/comments?post=655"}],"version-history":[{"count":3,"href":"https:\/\/kurkis.eu\/lt\/wp-json\/wp\/v2\/pages\/655\/revisions"}],"predecessor-version":[{"id":6620,"href":"https:\/\/kurkis.eu\/lt\/wp-json\/wp\/v2\/pages\/655\/revisions\/6620"}],"wp:attachment":[{"href":"https:\/\/kurkis.eu\/lt\/wp-json\/wp\/v2\/media?parent=655"}],"curies":[{"name":"wp","href":"https:\/\/api.w.org\/{rel}","templated":true}]}}